{"id":10077,"date":"2022-04-12T13:38:49","date_gmt":"2022-04-12T11:38:49","guid":{"rendered":"https:\/\/dental-concept-systems.com\/?page_id=10077"},"modified":"2022-07-11T10:33:15","modified_gmt":"2022-07-11T08:33:15","slug":"impressionante","status":"publish","type":"page","link":"https:\/\/dental-concept-systems.com\/it\/impressionante\/","title":{"rendered":"Impressionante"},"content":{"rendered":"\t\t<div data-elementor-type=\"wp-page\" data-elementor-id=\"10077\" class=\"elementor elementor-10077 elementor-371\" data-elementor-post-type=\"page\">\n\t\t\t\t\t\t<section class=\"elementor-section elementor-top-section elementor-element elementor-element-386bfcc elementor-section-boxed elementor-section-height-default elementor-section-height-default\" data-id=\"386bfcc\" data-element_type=\"section\" data-e-type=\"section\">\n\t\t\t\t\t\t<div class=\"elementor-container elementor-column-gap-default\">\n\t\t\t\t\t<div class=\"elementor-column elementor-col-100 elementor-top-column elementor-element elementor-element-528fb31\" data-id=\"528fb31\" data-element_type=\"column\" data-e-type=\"column\">\n\t\t\t<div class=\"elementor-widget-wrap elementor-element-populated\">\n\t\t\t\t\t\t<div class=\"elementor-element elementor-element-3cd10ca elementor-widget elementor-widget-heading\" data-id=\"3cd10ca\" data-element_type=\"widget\" data-e-type=\"widget\" data-widget_type=\"heading.default\">\n\t\t\t\t<div class=\"elementor-widget-container\">\n\t\t\t\t\t<h2 class=\"elementor-heading-title elementor-size-default\">Impronta <\/h2>\t\t\t\t<\/div>\n\t\t\t\t<\/div>\n\t\t\t\t\t<\/div>\n\t\t<\/div>\n\t\t\t\t\t<\/div>\n\t\t<\/section>\n\t\t\t\t<section class=\"elementor-section elementor-top-section elementor-element elementor-element-dc39456 elementor-section-boxed elementor-section-height-default elementor-section-height-default\" data-id=\"dc39456\" data-element_type=\"section\" data-e-type=\"section\">\n\t\t\t\t\t\t<div class=\"elementor-container elementor-column-gap-default\">\n\t\t\t\t\t<div class=\"elementor-column elementor-col-100 elementor-top-column elementor-element elementor-element-f0a9082\" data-id=\"f0a9082\" data-element_type=\"column\" data-e-type=\"column\">\n\t\t\t<div class=\"elementor-widget-wrap elementor-element-populated\">\n\t\t\t\t\t\t<div class=\"elementor-element elementor-element-15008a7 elementor-widget elementor-widget-text-editor\" data-id=\"15008a7\" data-element_type=\"widget\" data-e-type=\"widget\" data-widget_type=\"text-editor.default\">\n\t\t\t\t<div class=\"elementor-widget-container\">\n\t\t\t\t\t\t\t\t\t<h4>Dettagli secondo Telemedia Act, sezioni 6 e 7. Responsabile per il contenuto sono:<\/h4><p>Dental Concept Systems GmbH<br \/>Gieselwerder Str. 2<br \/>D &#8211; 34399 Wesertal<\/p><p>Tel.: +49 (0) 5572-3021010<br \/>Fax: +49 (0) 5572-3021099<\/p><p><span id=\"cloakc4f424e31277579f189272782adf31f3\"><\/span><span style=\"color: #ff00ff;\"><a style=\"color: #ff00ff;\" href=\"mailto:aktion@dental-concept-systems.com\">aktion@dental-concept-systems.com<\/a><\/span><br \/><span style=\"color: #ff00ff;\"><a style=\"color: #ff00ff;\" href=\"https:\/\/www.bredent-digital-workflow.com\/\">www.dental-concept-systems.com<\/a><\/span><\/p><p>CEOs: Hartmut Reins, Olaf Gl\u00fcck, Nils Brehm<\/p><p>Companies Register HRB 17876, Kassel<\/p><p>VAT Reg. No. DE 289 798 537<\/p><p><strong>Tutti i diritti riservati\u00a0<\/strong><\/p><p>Tutte le pagine web su www.dental-concpet-systems.de sono di nostra propriet\u00e0 e protette dalle leggi internazionali sul copyright.<br \/>Nessuna parte delle pagine web pu\u00f2 essere riprodotta, tradotta, trasmessa o memorizzata per uso commerciale senza il nostro esplicito permesso scritto. Questo vale anche per la copia e l&#8217;uso ulteriore delle pagine, degli opuscoli, di tutti i moduli, nonch\u00e9 del logo e del layout.<br \/>Non \u00e8 permesso estrarre file di dati e usarli impropriamente per scopi commerciali o altri invii che soddisfano i fatti del cosiddetto spamming.<br \/>Qualsiasi uso al di fuori degli stretti limiti della legge sul copyright non \u00e8 permesso senza il nostro consenso.<\/p><p>Informazioni sulla fonte delle immagini e dei grafici utilizzati: fotolia#46469439 &#8211; pretty female dentist \u00a9 Igor Mojzes, fotolia#54267383 &#8211; vector map with special sketch design \u00a9 maresz_1980<\/p><p><strong>Disclaimer<\/strong><\/p><p>L&#8217;autore di questo sito non si assume alcuna responsabilit\u00e0 per l&#8217;attualit\u00e0, la correttezza, la completezza, la qualit\u00e0 o il corretto funzionamento delle informazioni fornite e collegate.<br \/>Qualsiasi responsabilit\u00e0 per eventuali danni \u00e8 esclusa. \u00c8 irrilevante se i danni sono di natura materiale o non materiale. Se si verificano danni a voi o a terzi a causa di informazioni e\/o manipolazioni errate o incomplete, la responsabilit\u00e0 \u00e8 esclusa per principio.<br \/>L&#8217;autore si riserva espressamente il diritto di cambiare, completare o cancellare parti delle pagine o l&#8217;intera offerta senza preavviso o di interrompere la pubblicazione temporaneamente o permanentemente.<br \/>Poich\u00e9 l&#8217;autore pu\u00f2 essere ritenuto responsabile del contenuto delle pagine collegate, l&#8217;autore prende le distanze dal contenuto di tutte le pagine esterne collegate direttamente o indirettamente. Dato che queste pagine sono al di fuori dell&#8217;area di responsabilit\u00e0 dell&#8217;autore, la responsabilit\u00e0 si applicherebbe solo se l&#8217;autore avesse influenza o accesso al contenuto collegato. Non \u00e8 tecnicamente possibile n\u00e9 ragionevole per l&#8217;autore impedire contenuti illegali su altre pagine che possono essere collegate qui. L&#8217;autore dichiara espressamente che al momento della pubblicazione del link, le pagine corrispondenti erano prive di contenuti illegali.<br \/>L&#8217;autore si sforza di rispettare i diritti d&#8217;autore dei grafici e dei testi utilizzati in tutte le pubblicazioni. Nella misura in cui le marche e i marchi protetti da terzi vengono utilizzati su pagine appartenenti a questa presenza, essi sono soggetti senza restrizioni alle disposizioni del diritto dei marchi rispettivamente in vigore e ai diritti di propriet\u00e0 dei rispettivi proprietari registrati. La semplice menzione di un marchio non implica che non sia protetto da diritti di terzi! Gli oggetti creati e pubblicati dall&#8217;autore, come grafici, testi o documenti immagine, rimangono di propriet\u00e0 esclusiva dell&#8217;autore delle pagine. La riproduzione o l&#8217;uso di questi contenuti non \u00e8 permesso senza il consenso espresso dell&#8217;autore.<\/p>\t\t\t\t\t\t\t\t<\/div>\n\t\t\t\t<\/div>\n\t\t\t\t\t<\/div>\n\t\t<\/div>\n\t\t\t\t\t<\/div>\n\t\t<\/section>\n\t\t\t\t<\/div>\n\t\t","protected":false},"excerpt":{"rendered":"<p>Impronta Dettagli secondo Telemedia Act, sezioni 6 e 7. Responsabile per il contenuto sono: Dental Concept Systems GmbHGieselwerder Str. 2D &#8211; 34399 Wesertal Tel.: +49 (0) 5572-3021010Fax: +49 (0) 5572-3021099 aktion@dental-concept-systems.comwww.dental-concept-systems.com CEOs: Hartmut Reins, Olaf Gl\u00fcck, Nils Brehm Companies Register HRB 17876, Kassel VAT Reg. No. DE 289 798 537 Tutti i diritti riservati\u00a0 Tutte [&hellip;]<\/p>\n","protected":false},"author":1,"featured_media":0,"parent":0,"menu_order":21,"comment_status":"closed","ping_status":"closed","template":"elementor_header_footer","meta":{"footnotes":""},"class_list":["post-10077","page","type-page","status-publish","hentry"],"yoast_head":"<!-- This site is optimized with the Yoast SEO plugin v27.0 - https:\/\/yoast.com\/product\/yoast-seo-wordpress\/ -->\n<title>Impressionante<\/title>\n<meta name=\"robots\" content=\"index, follow, max-snippet:-1, max-image-preview:large, max-video-preview:-1\" \/>\n<link rel=\"canonical\" href=\"https:\/\/dental-concept-systems.com\/it\/impressionante\/\" \/>\n<meta property=\"og:locale\" content=\"it_IT\" \/>\n<meta property=\"og:type\" content=\"article\" \/>\n<meta property=\"og:title\" content=\"Impressionante\" \/>\n<meta property=\"og:description\" content=\"Impronta Dettagli secondo Telemedia Act, sezioni 6 e 7. Responsabile per il contenuto sono: Dental Concept Systems GmbHGieselwerder Str. 2D &#8211; 34399 Wesertal Tel.: +49 (0) 5572-3021010Fax: +49 (0) 5572-3021099 aktion@dental-concept-systems.comwww.dental-concept-systems.com CEOs: Hartmut Reins, Olaf Gl\u00fcck, Nils Brehm Companies Register HRB 17876, Kassel VAT Reg. No. DE 289 798 537 Tutti i diritti riservati\u00a0 Tutte [&hellip;]\" \/>\n<meta property=\"og:url\" content=\"https:\/\/dental-concept-systems.com\/it\/impressionante\/\" \/>\n<meta property=\"og:site_name\" content=\"Dental Concept Systems\" \/>\n<meta property=\"article:publisher\" content=\"https:\/\/de-de.facebook.com\/pages\/category\/Interest\/Dental-Concept-Systems-449234171850313\/\" \/>\n<meta property=\"article:modified_time\" content=\"2022-07-11T08:33:15+00:00\" \/>\n<meta name=\"twitter:card\" content=\"summary_large_image\" \/>\n<script type=\"application\/ld+json\" class=\"yoast-schema-graph\">{\"@context\":\"https:\/\/schema.org\",\"@graph\":[{\"@type\":\"WebPage\",\"@id\":\"https:\/\/dental-concept-systems.com\/it\/impressionante\/\",\"url\":\"https:\/\/dental-concept-systems.com\/it\/impressionante\/\",\"name\":\"Impressionante\",\"isPartOf\":{\"@id\":\"https:\/\/dental-concept-systems.com\/it\/#website\"},\"datePublished\":\"2022-04-12T11:38:49+00:00\",\"dateModified\":\"2022-07-11T08:33:15+00:00\",\"breadcrumb\":{\"@id\":\"https:\/\/dental-concept-systems.com\/it\/impressionante\/#breadcrumb\"},\"inLanguage\":\"it-IT\",\"potentialAction\":[{\"@type\":\"ReadAction\",\"target\":[\"https:\/\/dental-concept-systems.com\/it\/impressionante\/\"]}]},{\"@type\":\"BreadcrumbList\",\"@id\":\"https:\/\/dental-concept-systems.com\/it\/impressionante\/#breadcrumb\",\"itemListElement\":[{\"@type\":\"ListItem\",\"position\":1,\"name\":\"Home\",\"item\":\"https:\/\/dental-concept-systems.com\/it\/\"},{\"@type\":\"ListItem\",\"position\":2,\"name\":\"Impressionante\"}]},{\"@type\":\"WebSite\",\"@id\":\"https:\/\/dental-concept-systems.com\/it\/#website\",\"url\":\"https:\/\/dental-concept-systems.com\/it\/\",\"name\":\"Dental Concept Systems\",\"description\":\"Industry standards\",\"publisher\":{\"@id\":\"https:\/\/dental-concept-systems.com\/it\/#organization\"},\"potentialAction\":[{\"@type\":\"SearchAction\",\"target\":{\"@type\":\"EntryPoint\",\"urlTemplate\":\"https:\/\/dental-concept-systems.com\/it\/?s={search_term_string}\"},\"query-input\":{\"@type\":\"PropertyValueSpecification\",\"valueRequired\":true,\"valueName\":\"search_term_string\"}}],\"inLanguage\":\"it-IT\"},{\"@type\":\"Organization\",\"@id\":\"https:\/\/dental-concept-systems.com\/it\/#organization\",\"name\":\"Dental Concept Systems GmbH\",\"url\":\"https:\/\/dental-concept-systems.com\/it\/\",\"logo\":{\"@type\":\"ImageObject\",\"inLanguage\":\"it-IT\",\"@id\":\"https:\/\/dental-concept-systems.com\/it\/#\/schema\/logo\/image\/\",\"url\":\"https:\/\/dental-concept-systems.com\/wp-content\/uploads\/2020\/11\/Dental-Concept-Systems-logo.png\",\"contentUrl\":\"https:\/\/dental-concept-systems.com\/wp-content\/uploads\/2020\/11\/Dental-Concept-Systems-logo.png\",\"width\":800,\"height\":310,\"caption\":\"Dental Concept Systems GmbH\"},\"image\":{\"@id\":\"https:\/\/dental-concept-systems.com\/it\/#\/schema\/logo\/image\/\"},\"sameAs\":[\"https:\/\/de-de.facebook.com\/pages\/category\/Interest\/Dental-Concept-Systems-449234171850313\/\",\"https:\/\/www.instagram.com\/bredentgroup.deutschland\/?hl=de\"]}]}<\/script>\n<!-- \/ Yoast SEO plugin. -->","yoast_head_json":{"title":"Impressionante","robots":{"index":"index","follow":"follow","max-snippet":"max-snippet:-1","max-image-preview":"max-image-preview:large","max-video-preview":"max-video-preview:-1"},"canonical":"https:\/\/dental-concept-systems.com\/it\/impressionante\/","og_locale":"it_IT","og_type":"article","og_title":"Impressionante","og_description":"Impronta Dettagli secondo Telemedia Act, sezioni 6 e 7. Responsabile per il contenuto sono: Dental Concept Systems GmbHGieselwerder Str. 2D &#8211; 34399 Wesertal Tel.: +49 (0) 5572-3021010Fax: +49 (0) 5572-3021099 aktion@dental-concept-systems.comwww.dental-concept-systems.com CEOs: Hartmut Reins, Olaf Gl\u00fcck, Nils Brehm Companies Register HRB 17876, Kassel VAT Reg. No. DE 289 798 537 Tutti i diritti riservati\u00a0 Tutte [&hellip;]","og_url":"https:\/\/dental-concept-systems.com\/it\/impressionante\/","og_site_name":"Dental Concept Systems","article_publisher":"https:\/\/de-de.facebook.com\/pages\/category\/Interest\/Dental-Concept-Systems-449234171850313\/","article_modified_time":"2022-07-11T08:33:15+00:00","twitter_card":"summary_large_image","schema":{"@context":"https:\/\/schema.org","@graph":[{"@type":"WebPage","@id":"https:\/\/dental-concept-systems.com\/it\/impressionante\/","url":"https:\/\/dental-concept-systems.com\/it\/impressionante\/","name":"Impressionante","isPartOf":{"@id":"https:\/\/dental-concept-systems.com\/it\/#website"},"datePublished":"2022-04-12T11:38:49+00:00","dateModified":"2022-07-11T08:33:15+00:00","breadcrumb":{"@id":"https:\/\/dental-concept-systems.com\/it\/impressionante\/#breadcrumb"},"inLanguage":"it-IT","potentialAction":[{"@type":"ReadAction","target":["https:\/\/dental-concept-systems.com\/it\/impressionante\/"]}]},{"@type":"BreadcrumbList","@id":"https:\/\/dental-concept-systems.com\/it\/impressionante\/#breadcrumb","itemListElement":[{"@type":"ListItem","position":1,"name":"Home","item":"https:\/\/dental-concept-systems.com\/it\/"},{"@type":"ListItem","position":2,"name":"Impressionante"}]},{"@type":"WebSite","@id":"https:\/\/dental-concept-systems.com\/it\/#website","url":"https:\/\/dental-concept-systems.com\/it\/","name":"Dental Concept Systems","description":"Industry standards","publisher":{"@id":"https:\/\/dental-concept-systems.com\/it\/#organization"},"potentialAction":[{"@type":"SearchAction","target":{"@type":"EntryPoint","urlTemplate":"https:\/\/dental-concept-systems.com\/it\/?s={search_term_string}"},"query-input":{"@type":"PropertyValueSpecification","valueRequired":true,"valueName":"search_term_string"}}],"inLanguage":"it-IT"},{"@type":"Organization","@id":"https:\/\/dental-concept-systems.com\/it\/#organization","name":"Dental Concept Systems GmbH","url":"https:\/\/dental-concept-systems.com\/it\/","logo":{"@type":"ImageObject","inLanguage":"it-IT","@id":"https:\/\/dental-concept-systems.com\/it\/#\/schema\/logo\/image\/","url":"https:\/\/dental-concept-systems.com\/wp-content\/uploads\/2020\/11\/Dental-Concept-Systems-logo.png","contentUrl":"https:\/\/dental-concept-systems.com\/wp-content\/uploads\/2020\/11\/Dental-Concept-Systems-logo.png","width":800,"height":310,"caption":"Dental Concept Systems GmbH"},"image":{"@id":"https:\/\/dental-concept-systems.com\/it\/#\/schema\/logo\/image\/"},"sameAs":["https:\/\/de-de.facebook.com\/pages\/category\/Interest\/Dental-Concept-Systems-449234171850313\/","https:\/\/www.instagram.com\/bredentgroup.deutschland\/?hl=de"]}]}},"_links":{"self":[{"href":"https:\/\/dental-concept-systems.com\/it\/wp-json\/wp\/v2\/pages\/10077","targetHints":{"allow":["GET"]}}],"collection":[{"href":"https:\/\/dental-concept-systems.com\/it\/wp-json\/wp\/v2\/pages"}],"about":[{"href":"https:\/\/dental-concept-systems.com\/it\/wp-json\/wp\/v2\/types\/page"}],"author":[{"embeddable":true,"href":"https:\/\/dental-concept-systems.com\/it\/wp-json\/wp\/v2\/users\/1"}],"replies":[{"embeddable":true,"href":"https:\/\/dental-concept-systems.com\/it\/wp-json\/wp\/v2\/comments?post=10077"}],"version-history":[{"count":9,"href":"https:\/\/dental-concept-systems.com\/it\/wp-json\/wp\/v2\/pages\/10077\/revisions"}],"predecessor-version":[{"id":11653,"href":"https:\/\/dental-concept-systems.com\/it\/wp-json\/wp\/v2\/pages\/10077\/revisions\/11653"}],"wp:attachment":[{"href":"https:\/\/dental-concept-systems.com\/it\/wp-json\/wp\/v2\/media?parent=10077"}],"curies":[{"name":"wp","href":"https:\/\/api.w.org\/{rel}","templated":true}]}}