{"id":9393,"date":"2022-03-29T11:36:15","date_gmt":"2022-03-29T09:36:15","guid":{"rendered":"https:\/\/dental-concept-systems.com\/?page_id=9393"},"modified":"2022-05-30T08:23:59","modified_gmt":"2022-05-30T06:23:59","slug":"formation-continue","status":"publish","type":"page","link":"https:\/\/dental-concept-systems.com\/fr\/formation-continue\/","title":{"rendered":"Formation Continue"},"content":{"rendered":"\t\t<div data-elementor-type=\"wp-page\" data-elementor-id=\"9393\" class=\"elementor elementor-9393 elementor-3200\" data-elementor-post-type=\"page\">\n\t\t\t\t\t\t<section class=\"elementor-section elementor-top-section elementor-element elementor-element-bc2b892 elementor-section-boxed elementor-section-height-default elementor-section-height-default\" data-id=\"bc2b892\" data-element_type=\"section\" data-e-type=\"section\">\n\t\t\t\t\t\t<div class=\"elementor-container elementor-column-gap-no\">\n\t\t\t\t\t<div class=\"elementor-column elementor-col-100 elementor-top-column elementor-element elementor-element-5ba4a3d\" data-id=\"5ba4a3d\" data-element_type=\"column\" data-e-type=\"column\" data-settings=\"{&quot;background_background&quot;:&quot;classic&quot;}\">\n\t\t\t<div class=\"elementor-widget-wrap elementor-element-populated\">\n\t\t\t\t\t\t<div class=\"elementor-element elementor-element-e106460 elementor-widget elementor-widget-image\" data-id=\"e106460\" data-element_type=\"widget\" data-e-type=\"widget\" data-widget_type=\"image.default\">\n\t\t\t\t<div class=\"elementor-widget-container\">\n\t\t\t\t\t\t\t\t\t\t\t\t\t\t\t<img fetchpriority=\"high\" decoding=\"async\" width=\"1400\" height=\"529\" src=\"https:\/\/dental-concept-systems.com\/wp-content\/uploads\/2021\/01\/DCS-training-image.jpg\" class=\"attachment-full size-full wp-image-7069\" alt=\"\" srcset=\"https:\/\/dental-concept-systems.com\/wp-content\/uploads\/2021\/01\/DCS-training-image.jpg 1400w, https:\/\/dental-concept-systems.com\/wp-content\/uploads\/2021\/01\/DCS-training-image-300x113.jpg 300w, https:\/\/dental-concept-systems.com\/wp-content\/uploads\/2021\/01\/DCS-training-image-1024x387.jpg 1024w, https:\/\/dental-concept-systems.com\/wp-content\/uploads\/2021\/01\/DCS-training-image-768x290.jpg 768w\" sizes=\"(max-width: 1400px) 100vw, 1400px\" \/>\t\t\t\t\t\t\t\t\t\t\t\t\t\t\t<\/div>\n\t\t\t\t<\/div>\n\t\t\t\t\t<\/div>\n\t\t<\/div>\n\t\t\t\t\t<\/div>\n\t\t<\/section>\n\t\t\t\t<section class=\"elementor-section elementor-top-section elementor-element elementor-element-aa724bf elementor-section-boxed elementor-section-height-default elementor-section-height-default\" data-id=\"aa724bf\" data-element_type=\"section\" data-e-type=\"section\">\n\t\t\t\t\t\t<div class=\"elementor-container elementor-column-gap-no\">\n\t\t\t\t\t<div class=\"elementor-column elementor-col-100 elementor-top-column elementor-element elementor-element-b62b2b5\" data-id=\"b62b2b5\" data-element_type=\"column\" data-e-type=\"column\" data-settings=\"{&quot;background_background&quot;:&quot;classic&quot;}\">\n\t\t\t<div class=\"elementor-widget-wrap elementor-element-populated\">\n\t\t\t\t\t\t<div class=\"elementor-element elementor-element-64bda8f elementor-widget elementor-widget-heading\" data-id=\"64bda8f\" data-element_type=\"widget\" data-e-type=\"widget\" data-widget_type=\"heading.default\">\n\t\t\t\t<div class=\"elementor-widget-container\">\n\t\t\t\t\t<h1 class=\"elementor-heading-title elementor-size-default\">Vers de nouveaux mondes<\/h1>\t\t\t\t<\/div>\n\t\t\t\t<\/div>\n\t\t\t\t<div class=\"elementor-element elementor-element-0529d69 elementor-widget-divider--view-line elementor-widget elementor-widget-divider\" data-id=\"0529d69\" data-element_type=\"widget\" data-e-type=\"widget\" data-widget_type=\"divider.default\">\n\t\t\t\t<div class=\"elementor-widget-container\">\n\t\t\t\t\t\t\t<div class=\"elementor-divider\">\n\t\t\t<span class=\"elementor-divider-separator\">\n\t\t\t\t\t\t<\/span>\n\t\t<\/div>\n\t\t\t\t\t\t<\/div>\n\t\t\t\t<\/div>\n\t\t\t\t<div class=\"elementor-element elementor-element-bf35dad elementor-widget elementor-widget-text-editor\" data-id=\"bf35dad\" data-element_type=\"widget\" data-e-type=\"widget\" data-widget_type=\"text-editor.default\">\n\t\t\t\t<div class=\"elementor-widget-container\">\n\t\t\t\t\t\t\t\t\t<p>Les nouvelles technologies ouvrent de nouveaux horizons dans le domaine de la technique dentaire. Seul un d\u00e9part commun vers de nouveaux univers et un partenariat solidement ancr\u00e9 garantissent durablement le contr\u00f4le total de tous les processus.<\/p><p>Nous sommes \u00e0 vos c\u00f4t\u00e9s avec un savoir-faire de pointe, des technologies de pointe et un programme de cours complet. Que vous souhaitiez prendre un nouveau d\u00e9part ou simplement passer \u00e0 la vitesse sup\u00e9rieure, nous vous accompagnerons de mani\u00e8re professionnelle.<\/p><p>Profitez du programme de cours CFAO de Dental Concept Systems et montez \u00e0 bord dans l&rsquo;un de nos centres de formation \u00e0 Senden ou Wesertal !<\/p>\t\t\t\t\t\t\t\t<\/div>\n\t\t\t\t<\/div>\n\t\t\t\t\t<\/div>\n\t\t<\/div>\n\t\t\t\t\t<\/div>\n\t\t<\/section>\n\t\t\t\t<section class=\"elementor-section elementor-top-section elementor-element elementor-element-e292442 elementor-section-boxed elementor-section-height-default elementor-section-height-default\" data-id=\"e292442\" data-element_type=\"section\" data-e-type=\"section\">\n\t\t\t\t\t\t<div class=\"elementor-container elementor-column-gap-default\">\n\t\t\t\t\t<div class=\"elementor-column elementor-col-100 elementor-top-column elementor-element elementor-element-3b2d352\" data-id=\"3b2d352\" data-element_type=\"column\" data-e-type=\"column\">\n\t\t\t<div class=\"elementor-widget-wrap elementor-element-populated\">\n\t\t\t\t\t\t<div class=\"elementor-element elementor-element-094ca5e elementor-align-center elementor-icon-list--layout-traditional elementor-list-item-link-full_width elementor-widget elementor-widget-icon-list\" data-id=\"094ca5e\" data-element_type=\"widget\" data-e-type=\"widget\" data-widget_type=\"icon-list.default\">\n\t\t\t\t<div class=\"elementor-widget-container\">\n\t\t\t\t\t\t\t<ul class=\"elementor-icon-list-items\">\n\t\t\t\t\t\t\t<li class=\"elementor-icon-list-item\">\n\t\t\t\t\t\t\t\t\t\t\t<span class=\"elementor-icon-list-icon\">\n\t\t\t\t\t\t\t<i aria-hidden=\"true\" class=\"fas fa-file-pdf\"><\/i>\t\t\t\t\t\t<\/span>\n\t\t\t\t\t\t\t\t\t\t<span class=\"elementor-icon-list-text\">Programmes de cours &amp; Guide de l'h\u00f4tel<\/span>\n\t\t\t\t\t\t\t\t\t<\/li>\n\t\t\t\t\t\t<\/ul>\n\t\t\t\t\t\t<\/div>\n\t\t\t\t<\/div>\n\t\t\t\t\t<\/div>\n\t\t<\/div>\n\t\t\t\t\t<\/div>\n\t\t<\/section>\n\t\t\t\t<section class=\"elementor-section elementor-top-section elementor-element elementor-element-4c17904 elementor-section-boxed elementor-section-height-default elementor-section-height-default\" data-id=\"4c17904\" data-element_type=\"section\" data-e-type=\"section\">\n\t\t\t\t\t\t<div class=\"elementor-container elementor-column-gap-default\">\n\t\t\t\t\t<div class=\"elementor-column elementor-col-100 elementor-top-column elementor-element elementor-element-ba4c66f\" data-id=\"ba4c66f\" data-element_type=\"column\" data-e-type=\"column\">\n\t\t\t<div class=\"elementor-widget-wrap elementor-element-populated\">\n\t\t\t\t\t\t<div class=\"elementor-element elementor-element-8c17956 elementor-widget elementor-widget-shortcode\" data-id=\"8c17956\" data-element_type=\"widget\" data-e-type=\"widget\" data-widget_type=\"shortcode.default\">\n\t\t\t\t<div class=\"elementor-widget-container\">\n\t\t\t\t\t\t\t<div class=\"elementor-shortcode\">\t\t<div data-elementor-type=\"section\" data-elementor-id=\"3212\" class=\"elementor elementor-3212\" data-elementor-post-type=\"elementor_library\">\n\t\t\t\t\t<section class=\"elementor-section elementor-top-section elementor-element elementor-element-a229c95 elementor-section-boxed elementor-section-height-default elementor-section-height-default\" data-id=\"a229c95\" data-element_type=\"section\" data-e-type=\"section\" data-settings=\"{&quot;background_background&quot;:&quot;classic&quot;}\">\n\t\t\t\t\t\t<div class=\"elementor-container elementor-column-gap-default\">\n\t\t\t\t\t<div class=\"elementor-column elementor-col-33 elementor-top-column elementor-element elementor-element-084a6e7\" data-id=\"084a6e7\" data-element_type=\"column\" data-e-type=\"column\" data-settings=\"{&quot;background_background&quot;:&quot;classic&quot;}\">\n\t\t\t<div class=\"elementor-widget-wrap elementor-element-populated\">\n\t\t\t\t\t\t<div class=\"elementor-element elementor-element-aca77e0 elementor-widget elementor-widget-image\" data-id=\"aca77e0\" data-element_type=\"widget\" data-e-type=\"widget\" data-widget_type=\"image.default\">\n\t\t\t\t<div class=\"elementor-widget-container\">\n\t\t\t\t\t\t\t\t\t\t\t\t\t\t\t<img decoding=\"async\" width=\"283\" height=\"400\" src=\"https:\/\/dental-concept-systems.com\/wp-content\/uploads\/2025\/03\/Eisenhammer-cam-cad-trainining-program-cover.jpg\" class=\"attachment-full size-full wp-image-14109\" alt=\"\" srcset=\"https:\/\/dental-concept-systems.com\/wp-content\/uploads\/2025\/03\/Eisenhammer-cam-cad-trainining-program-cover.jpg 283w, https:\/\/dental-concept-systems.com\/wp-content\/uploads\/2025\/03\/Eisenhammer-cam-cad-trainining-program-cover-212x300.jpg 212w\" sizes=\"(max-width: 283px) 100vw, 283px\" \/>\t\t\t\t\t\t\t\t\t\t\t\t\t\t\t<\/div>\n\t\t\t\t<\/div>\n\t\t\t\t\t<\/div>\n\t\t<\/div>\n\t\t\t\t<div class=\"elementor-column elementor-col-66 elementor-top-column elementor-element elementor-element-9d80a67\" data-id=\"9d80a67\" data-element_type=\"column\" data-e-type=\"column\" data-settings=\"{&quot;background_background&quot;:&quot;classic&quot;}\">\n\t\t\t<div class=\"elementor-widget-wrap elementor-element-populated\">\n\t\t\t\t\t\t<div class=\"elementor-element elementor-element-69b1ceb elementor-align-start elementor-mobile-align-center elementor-icon-list--layout-traditional elementor-list-item-link-full_width elementor-widget elementor-widget-icon-list\" data-id=\"69b1ceb\" data-element_type=\"widget\" data-e-type=\"widget\" data-widget_type=\"icon-list.default\">\n\t\t\t\t<div class=\"elementor-widget-container\">\n\t\t\t\t\t\t\t<ul class=\"elementor-icon-list-items\">\n\t\t\t\t\t\t\t<li class=\"elementor-icon-list-item\">\n\t\t\t\t\t\t\t\t\t\t\t<a href=\"https:\/\/dental-concept-systems.com\/wp-content\/uploads\/2025\/03\/D002098-Kursprogramm-DCS-ENG-2025-low-res.pdf\" target=\"_blank\">\n\n\t\t\t\t\t\t\t\t\t\t\t\t<span class=\"elementor-icon-list-icon\">\n\t\t\t\t\t\t\t<i aria-hidden=\"true\" class=\"fas fa-file-pdf\"><\/i>\t\t\t\t\t\t<\/span>\n\t\t\t\t\t\t\t\t\t\t<span class=\"elementor-icon-list-text\">Eisenhammer CAD\/CAM Training program 2025\/26 <\/span>\n\t\t\t\t\t\t\t\t\t\t\t<\/a>\n\t\t\t\t\t\t\t\t\t<\/li>\n\t\t\t\t\t\t\t\t<li class=\"elementor-icon-list-item\">\n\t\t\t\t\t\t\t\t\t\t\t<a href=\"https:\/\/dental-concept-systems.com\/wp-content\/uploads\/2025\/03\/D00208-Kursprogramm-DCS-DE-2025-low-res.pdf\" target=\"_blank\">\n\n\t\t\t\t\t\t\t\t\t\t\t\t<span class=\"elementor-icon-list-icon\">\n\t\t\t\t\t\t\t<i aria-hidden=\"true\" class=\"fas fa-file-pdf\"><\/i>\t\t\t\t\t\t<\/span>\n\t\t\t\t\t\t\t\t\t\t<span class=\"elementor-icon-list-text\">Eisenhammer CAD\/CAM Fortbildungsprogramm 2025\/26<\/span>\n\t\t\t\t\t\t\t\t\t\t\t<\/a>\n\t\t\t\t\t\t\t\t\t<\/li>\n\t\t\t\t\t\t<\/ul>\n\t\t\t\t\t\t<\/div>\n\t\t\t\t<\/div>\n\t\t\t\t\t<\/div>\n\t\t<\/div>\n\t\t\t\t\t<\/div>\n\t\t<\/section>\n\t\t\t\t<section class=\"elementor-section elementor-top-section elementor-element elementor-element-65fe14a elementor-section-boxed elementor-section-height-default elementor-section-height-default\" data-id=\"65fe14a\" data-element_type=\"section\" data-e-type=\"section\">\n\t\t\t\t\t\t<div class=\"elementor-container elementor-column-gap-default\">\n\t\t\t\t\t<div class=\"elementor-column elementor-col-100 elementor-top-column elementor-element elementor-element-f4323b5\" data-id=\"f4323b5\" data-element_type=\"column\" data-e-type=\"column\">\n\t\t\t<div class=\"elementor-widget-wrap elementor-element-populated\">\n\t\t\t\t\t\t<div class=\"elementor-element elementor-element-a9d79e7 elementor-widget elementor-widget-spacer\" data-id=\"a9d79e7\" data-element_type=\"widget\" data-e-type=\"widget\" data-widget_type=\"spacer.default\">\n\t\t\t\t<div class=\"elementor-widget-container\">\n\t\t\t\t\t\t\t<div class=\"elementor-spacer\">\n\t\t\t<div class=\"elementor-spacer-inner\"><\/div>\n\t\t<\/div>\n\t\t\t\t\t\t<\/div>\n\t\t\t\t<\/div>\n\t\t\t\t\t<\/div>\n\t\t<\/div>\n\t\t\t\t\t<\/div>\n\t\t<\/section>\n\t\t\t\t<\/div>\n\t\t<\/div>\n\t\t\t\t\t\t<\/div>\n\t\t\t\t<\/div>\n\t\t\t\t\t<\/div>\n\t\t<\/div>\n\t\t\t\t\t<\/div>\n\t\t<\/section>\n\t\t\t\t<\/div>\n\t\t","protected":false},"excerpt":{"rendered":"<p>Vers de nouveaux mondes Les nouvelles technologies ouvrent de nouveaux horizons dans le domaine de la technique dentaire. Seul un d\u00e9part commun vers de nouveaux univers et un partenariat solidement ancr\u00e9 garantissent durablement le contr\u00f4le total de tous les processus. Nous sommes \u00e0 vos c\u00f4t\u00e9s avec un savoir-faire de pointe, des technologies de pointe et [&hellip;]<\/p>\n","protected":false},"author":1,"featured_media":0,"parent":0,"menu_order":10,"comment_status":"closed","ping_status":"closed","template":"","meta":{"footnotes":""},"class_list":["post-9393","page","type-page","status-publish","hentry"],"yoast_head":"<!-- This site is optimized with the Yoast SEO plugin v27.0 - https:\/\/yoast.com\/product\/yoast-seo-wordpress\/ -->\n<title>Formation Continue<\/title>\n<meta name=\"robots\" content=\"index, follow, max-snippet:-1, max-image-preview:large, max-video-preview:-1\" \/>\n<link rel=\"canonical\" href=\"https:\/\/dental-concept-systems.com\/fr\/formation-continue\/\" \/>\n<meta property=\"og:locale\" content=\"fr_FR\" \/>\n<meta property=\"og:type\" content=\"article\" \/>\n<meta property=\"og:title\" content=\"Formation Continue\" \/>\n<meta property=\"og:description\" content=\"Vers de nouveaux mondes Les nouvelles technologies ouvrent de nouveaux horizons dans le domaine de la technique dentaire. Seul un d\u00e9part commun vers de nouveaux univers et un partenariat solidement ancr\u00e9 garantissent durablement le contr\u00f4le total de tous les processus. Nous sommes \u00e0 vos c\u00f4t\u00e9s avec un savoir-faire de pointe, des technologies de pointe et [&hellip;]\" \/>\n<meta property=\"og:url\" content=\"https:\/\/dental-concept-systems.com\/fr\/formation-continue\/\" \/>\n<meta property=\"og:site_name\" content=\"Dental Concept Systems\" \/>\n<meta property=\"article:publisher\" content=\"https:\/\/de-de.facebook.com\/pages\/category\/Interest\/Dental-Concept-Systems-449234171850313\/\" \/>\n<meta property=\"article:modified_time\" content=\"2022-05-30T06:23:59+00:00\" \/>\n<meta property=\"og:image\" content=\"https:\/\/dental-concept-systems.com\/wp-content\/uploads\/2021\/01\/DCS-training-image.jpg\" \/>\n<meta name=\"twitter:card\" content=\"summary_large_image\" \/>\n<script type=\"application\/ld+json\" class=\"yoast-schema-graph\">{\"@context\":\"https:\/\/schema.org\",\"@graph\":[{\"@type\":\"WebPage\",\"@id\":\"https:\/\/dental-concept-systems.com\/fr\/formation-continue\/\",\"url\":\"https:\/\/dental-concept-systems.com\/fr\/formation-continue\/\",\"name\":\"Formation Continue\",\"isPartOf\":{\"@id\":\"https:\/\/dental-concept-systems.com\/fr\/#website\"},\"primaryImageOfPage\":{\"@id\":\"https:\/\/dental-concept-systems.com\/fr\/formation-continue\/#primaryimage\"},\"image\":{\"@id\":\"https:\/\/dental-concept-systems.com\/fr\/formation-continue\/#primaryimage\"},\"thumbnailUrl\":\"https:\/\/dental-concept-systems.com\/wp-content\/uploads\/2021\/01\/DCS-training-image.jpg\",\"datePublished\":\"2022-03-29T09:36:15+00:00\",\"dateModified\":\"2022-05-30T06:23:59+00:00\",\"breadcrumb\":{\"@id\":\"https:\/\/dental-concept-systems.com\/fr\/formation-continue\/#breadcrumb\"},\"inLanguage\":\"fr-FR\",\"potentialAction\":[{\"@type\":\"ReadAction\",\"target\":[\"https:\/\/dental-concept-systems.com\/fr\/formation-continue\/\"]}]},{\"@type\":\"ImageObject\",\"inLanguage\":\"fr-FR\",\"@id\":\"https:\/\/dental-concept-systems.com\/fr\/formation-continue\/#primaryimage\",\"url\":\"https:\/\/dental-concept-systems.com\/wp-content\/uploads\/2021\/01\/DCS-training-image.jpg\",\"contentUrl\":\"https:\/\/dental-concept-systems.com\/wp-content\/uploads\/2021\/01\/DCS-training-image.jpg\"},{\"@type\":\"BreadcrumbList\",\"@id\":\"https:\/\/dental-concept-systems.com\/fr\/formation-continue\/#breadcrumb\",\"itemListElement\":[{\"@type\":\"ListItem\",\"position\":1,\"name\":\"Home\",\"item\":\"https:\/\/dental-concept-systems.com\/fr\/\"},{\"@type\":\"ListItem\",\"position\":2,\"name\":\"Formation Continue\"}]},{\"@type\":\"WebSite\",\"@id\":\"https:\/\/dental-concept-systems.com\/fr\/#website\",\"url\":\"https:\/\/dental-concept-systems.com\/fr\/\",\"name\":\"Dental Concept Systems\",\"description\":\"Industry standards\",\"publisher\":{\"@id\":\"https:\/\/dental-concept-systems.com\/fr\/#organization\"},\"potentialAction\":[{\"@type\":\"SearchAction\",\"target\":{\"@type\":\"EntryPoint\",\"urlTemplate\":\"https:\/\/dental-concept-systems.com\/fr\/?s={search_term_string}\"},\"query-input\":{\"@type\":\"PropertyValueSpecification\",\"valueRequired\":true,\"valueName\":\"search_term_string\"}}],\"inLanguage\":\"fr-FR\"},{\"@type\":\"Organization\",\"@id\":\"https:\/\/dental-concept-systems.com\/fr\/#organization\",\"name\":\"Dental Concept Systems GmbH\",\"url\":\"https:\/\/dental-concept-systems.com\/fr\/\",\"logo\":{\"@type\":\"ImageObject\",\"inLanguage\":\"fr-FR\",\"@id\":\"https:\/\/dental-concept-systems.com\/fr\/#\/schema\/logo\/image\/\",\"url\":\"https:\/\/dental-concept-systems.com\/wp-content\/uploads\/2020\/11\/Dental-Concept-Systems-logo.png\",\"contentUrl\":\"https:\/\/dental-concept-systems.com\/wp-content\/uploads\/2020\/11\/Dental-Concept-Systems-logo.png\",\"width\":800,\"height\":310,\"caption\":\"Dental Concept Systems GmbH\"},\"image\":{\"@id\":\"https:\/\/dental-concept-systems.com\/fr\/#\/schema\/logo\/image\/\"},\"sameAs\":[\"https:\/\/de-de.facebook.com\/pages\/category\/Interest\/Dental-Concept-Systems-449234171850313\/\",\"https:\/\/www.instagram.com\/bredentgroup.deutschland\/?hl=de\"]}]}<\/script>\n<!-- \/ Yoast SEO plugin. -->","yoast_head_json":{"title":"Formation Continue","robots":{"index":"index","follow":"follow","max-snippet":"max-snippet:-1","max-image-preview":"max-image-preview:large","max-video-preview":"max-video-preview:-1"},"canonical":"https:\/\/dental-concept-systems.com\/fr\/formation-continue\/","og_locale":"fr_FR","og_type":"article","og_title":"Formation Continue","og_description":"Vers de nouveaux mondes Les nouvelles technologies ouvrent de nouveaux horizons dans le domaine de la technique dentaire. Seul un d\u00e9part commun vers de nouveaux univers et un partenariat solidement ancr\u00e9 garantissent durablement le contr\u00f4le total de tous les processus. Nous sommes \u00e0 vos c\u00f4t\u00e9s avec un savoir-faire de pointe, des technologies de pointe et [&hellip;]","og_url":"https:\/\/dental-concept-systems.com\/fr\/formation-continue\/","og_site_name":"Dental Concept Systems","article_publisher":"https:\/\/de-de.facebook.com\/pages\/category\/Interest\/Dental-Concept-Systems-449234171850313\/","article_modified_time":"2022-05-30T06:23:59+00:00","og_image":[{"url":"https:\/\/dental-concept-systems.com\/wp-content\/uploads\/2021\/01\/DCS-training-image.jpg","type":"","width":"","height":""}],"twitter_card":"summary_large_image","schema":{"@context":"https:\/\/schema.org","@graph":[{"@type":"WebPage","@id":"https:\/\/dental-concept-systems.com\/fr\/formation-continue\/","url":"https:\/\/dental-concept-systems.com\/fr\/formation-continue\/","name":"Formation Continue","isPartOf":{"@id":"https:\/\/dental-concept-systems.com\/fr\/#website"},"primaryImageOfPage":{"@id":"https:\/\/dental-concept-systems.com\/fr\/formation-continue\/#primaryimage"},"image":{"@id":"https:\/\/dental-concept-systems.com\/fr\/formation-continue\/#primaryimage"},"thumbnailUrl":"https:\/\/dental-concept-systems.com\/wp-content\/uploads\/2021\/01\/DCS-training-image.jpg","datePublished":"2022-03-29T09:36:15+00:00","dateModified":"2022-05-30T06:23:59+00:00","breadcrumb":{"@id":"https:\/\/dental-concept-systems.com\/fr\/formation-continue\/#breadcrumb"},"inLanguage":"fr-FR","potentialAction":[{"@type":"ReadAction","target":["https:\/\/dental-concept-systems.com\/fr\/formation-continue\/"]}]},{"@type":"ImageObject","inLanguage":"fr-FR","@id":"https:\/\/dental-concept-systems.com\/fr\/formation-continue\/#primaryimage","url":"https:\/\/dental-concept-systems.com\/wp-content\/uploads\/2021\/01\/DCS-training-image.jpg","contentUrl":"https:\/\/dental-concept-systems.com\/wp-content\/uploads\/2021\/01\/DCS-training-image.jpg"},{"@type":"BreadcrumbList","@id":"https:\/\/dental-concept-systems.com\/fr\/formation-continue\/#breadcrumb","itemListElement":[{"@type":"ListItem","position":1,"name":"Home","item":"https:\/\/dental-concept-systems.com\/fr\/"},{"@type":"ListItem","position":2,"name":"Formation Continue"}]},{"@type":"WebSite","@id":"https:\/\/dental-concept-systems.com\/fr\/#website","url":"https:\/\/dental-concept-systems.com\/fr\/","name":"Dental Concept Systems","description":"Industry standards","publisher":{"@id":"https:\/\/dental-concept-systems.com\/fr\/#organization"},"potentialAction":[{"@type":"SearchAction","target":{"@type":"EntryPoint","urlTemplate":"https:\/\/dental-concept-systems.com\/fr\/?s={search_term_string}"},"query-input":{"@type":"PropertyValueSpecification","valueRequired":true,"valueName":"search_term_string"}}],"inLanguage":"fr-FR"},{"@type":"Organization","@id":"https:\/\/dental-concept-systems.com\/fr\/#organization","name":"Dental Concept Systems GmbH","url":"https:\/\/dental-concept-systems.com\/fr\/","logo":{"@type":"ImageObject","inLanguage":"fr-FR","@id":"https:\/\/dental-concept-systems.com\/fr\/#\/schema\/logo\/image\/","url":"https:\/\/dental-concept-systems.com\/wp-content\/uploads\/2020\/11\/Dental-Concept-Systems-logo.png","contentUrl":"https:\/\/dental-concept-systems.com\/wp-content\/uploads\/2020\/11\/Dental-Concept-Systems-logo.png","width":800,"height":310,"caption":"Dental Concept Systems GmbH"},"image":{"@id":"https:\/\/dental-concept-systems.com\/fr\/#\/schema\/logo\/image\/"},"sameAs":["https:\/\/de-de.facebook.com\/pages\/category\/Interest\/Dental-Concept-Systems-449234171850313\/","https:\/\/www.instagram.com\/bredentgroup.deutschland\/?hl=de"]}]}},"_links":{"self":[{"href":"https:\/\/dental-concept-systems.com\/fr\/wp-json\/wp\/v2\/pages\/9393","targetHints":{"allow":["GET"]}}],"collection":[{"href":"https:\/\/dental-concept-systems.com\/fr\/wp-json\/wp\/v2\/pages"}],"about":[{"href":"https:\/\/dental-concept-systems.com\/fr\/wp-json\/wp\/v2\/types\/page"}],"author":[{"embeddable":true,"href":"https:\/\/dental-concept-systems.com\/fr\/wp-json\/wp\/v2\/users\/1"}],"replies":[{"embeddable":true,"href":"https:\/\/dental-concept-systems.com\/fr\/wp-json\/wp\/v2\/comments?post=9393"}],"version-history":[{"count":6,"href":"https:\/\/dental-concept-systems.com\/fr\/wp-json\/wp\/v2\/pages\/9393\/revisions"}],"predecessor-version":[{"id":11188,"href":"https:\/\/dental-concept-systems.com\/fr\/wp-json\/wp\/v2\/pages\/9393\/revisions\/11188"}],"wp:attachment":[{"href":"https:\/\/dental-concept-systems.com\/fr\/wp-json\/wp\/v2\/media?parent=9393"}],"curies":[{"name":"wp","href":"https:\/\/api.w.org\/{rel}","templated":true}]}}