{"id":10072,"date":"2022-04-12T13:36:14","date_gmt":"2022-04-12T11:36:14","guid":{"rendered":"https:\/\/dental-concept-systems.com\/?page_id=10072"},"modified":"2022-05-30T08:25:09","modified_gmt":"2022-05-30T06:25:09","slug":"mentions-legales","status":"publish","type":"page","link":"https:\/\/dental-concept-systems.com\/fr\/mentions-legales\/","title":{"rendered":"Mentions Legales"},"content":{"rendered":"\t\t<div data-elementor-type=\"wp-page\" data-elementor-id=\"10072\" class=\"elementor elementor-10072 elementor-371\" data-elementor-post-type=\"page\">\n\t\t\t\t\t\t<section class=\"elementor-section elementor-top-section elementor-element elementor-element-386bfcc elementor-section-boxed elementor-section-height-default elementor-section-height-default\" data-id=\"386bfcc\" data-element_type=\"section\" data-e-type=\"section\">\n\t\t\t\t\t\t<div class=\"elementor-container elementor-column-gap-default\">\n\t\t\t\t\t<div class=\"elementor-column elementor-col-100 elementor-top-column elementor-element elementor-element-528fb31\" data-id=\"528fb31\" data-element_type=\"column\" data-e-type=\"column\">\n\t\t\t<div class=\"elementor-widget-wrap elementor-element-populated\">\n\t\t\t\t\t\t<div class=\"elementor-element elementor-element-3cd10ca elementor-widget elementor-widget-heading\" data-id=\"3cd10ca\" data-element_type=\"widget\" data-e-type=\"widget\" data-widget_type=\"heading.default\">\n\t\t\t\t<div class=\"elementor-widget-container\">\n\t\t\t\t\t<h2 class=\"elementor-heading-title elementor-size-default\">Mentions l\u00e9gales<\/h2>\t\t\t\t<\/div>\n\t\t\t\t<\/div>\n\t\t\t\t\t<\/div>\n\t\t<\/div>\n\t\t\t\t\t<\/div>\n\t\t<\/section>\n\t\t\t\t<section class=\"elementor-section elementor-top-section elementor-element elementor-element-dc39456 elementor-section-boxed elementor-section-height-default elementor-section-height-default\" data-id=\"dc39456\" data-element_type=\"section\" data-e-type=\"section\">\n\t\t\t\t\t\t<div class=\"elementor-container elementor-column-gap-default\">\n\t\t\t\t\t<div class=\"elementor-column elementor-col-100 elementor-top-column elementor-element elementor-element-f0a9082\" data-id=\"f0a9082\" data-element_type=\"column\" data-e-type=\"column\">\n\t\t\t<div class=\"elementor-widget-wrap elementor-element-populated\">\n\t\t\t\t\t\t<div class=\"elementor-element elementor-element-15008a7 elementor-widget elementor-widget-text-editor\" data-id=\"15008a7\" data-element_type=\"widget\" data-e-type=\"widget\" data-widget_type=\"text-editor.default\">\n\t\t\t\t<div class=\"elementor-widget-container\">\n\t\t\t\t\t\t\t\t\t<h4>D\u00e9tails selon la loi sur les t\u00e9l\u00e9m\u00e9dias, sections 6 et 7. Responsables du contenu :<\/h4><p>Dental Concept Systems GmbH<br \/>Gieselwerder Str. 2<br \/>D &#8211; 34399 Wesertal<\/p><p>Tel.: +49 (0) 5572-3021010<br \/>Fax: +49 (0) 5572-3021099<\/p><p><span id=\"cloakc4f424e31277579f189272782adf31f3\"><\/span><a href=\"mailto:aktion@dental-concept-systems.com\">aktion@dental-concept-systems.com<\/a><br \/><a href=\"https:\/\/www.bredent-digital-workflow.com\/\">www.dental-concept-systems.com<\/a><\/p><p>CEOs: Hartmut Reins, Olaf Gl\u00fcck, Nils Brehm<\/p><p>Companies Register HRB 17876, Kassel<\/p><p>VAT Reg. No. DE 289 798 537<\/p><p><strong>Tous droits r\u00e9serv\u00e9s\u00a0<\/strong><\/p><p>Toutes les pages web du site www.dental-concpet-systems.de sont notre propri\u00e9t\u00e9 et sont prot\u00e9g\u00e9es par les dispositions internationales en mati\u00e8re de droits d&rsquo;auteur.<br \/>Aucune partie des pages web ne peut \u00eatre reproduite, traduite, transmise ou enregistr\u00e9e \u00e0 des fins commerciales sans notre autorisation \u00e9crite expresse. Cela s&rsquo;applique \u00e9galement \u00e0 la copie et \u00e0 la r\u00e9utilisation des pages, des fiches d&rsquo;information, de tous les formulaires ainsi que du logo et de la mise en page.<br \/>Il est interdit d&rsquo;extraire des donn\u00e9es et de les utiliser \u00e0 des fins commerciales ou pour d&rsquo;autres mailings qui rel\u00e8vent du spamming.<br \/>Toute utilisation en dehors des limites \u00e9troites de la loi sur les droits d&rsquo;auteur est interdite sans notre accord.<\/p><p>Indication des sources pour les images et graphiques utilis\u00e9s : fotolia#46469439 &#8211; pretty female dentist \u00a9 Igor Mojzes, fotolia#54267383 &#8211; vector map with special sketch design \u00a9 maresz_1980<\/p><p><strong>Clause de non-responsabilit\u00e9<\/strong><\/p><p>L&rsquo;auteur de ce site n&rsquo;assume aucune responsabilit\u00e9 quant \u00e0 l&rsquo;actualit\u00e9, l&rsquo;exactitude, l&rsquo;exhaustivit\u00e9, la qualit\u00e9 ou le bon fonctionnement des informations mises \u00e0 disposition ou accessibles par des liens.<br \/>Toute responsabilit\u00e9 pour des dommages \u00e9ventuels est exclue. Il est sans importance que les dommages soient de nature mat\u00e9rielle ou immat\u00e9rielle. Si des dommages devaient \u00eatre caus\u00e9s \u00e0 vous-m\u00eame ou \u00e0 des tiers en raison d&rsquo;informations et\/ou d&rsquo;une manipulation erron\u00e9es et incompl\u00e8tes, ceux-ci sont en principe exclus de la responsabilit\u00e9.<br \/>L&rsquo;auteur se r\u00e9serve express\u00e9ment le droit de modifier, de compl\u00e9ter ou de supprimer des parties de pages ou l&rsquo;ensemble de l&rsquo;offre sans avis pr\u00e9alable, ou d&rsquo;en suspendre temporairement ou d\u00e9finitivement la publication.<br \/>L&rsquo;auteur se distancie du contenu de toutes les pages \u00e9trang\u00e8res li\u00e9es directement ou indirectement, \u00e9tant donn\u00e9 que la publication d&rsquo;un ou de plusieurs liens peut entra\u00eener une co-responsabilit\u00e9 pour le contenu des pages li\u00e9es. Comme ces pages se trouvent en dehors du domaine de responsabilit\u00e9 de l&rsquo;auteur, une obligation de responsabilit\u00e9 ne s&rsquo;appliquerait que si l&rsquo;auteur avait une influence sur les contenus li\u00e9s ou y avait acc\u00e8s. Il n&rsquo;est ni techniquement possible ni raisonnable pour l&rsquo;auteur d&#8217;emp\u00eacher des contenus ill\u00e9gaux sur d&rsquo;autres pages \u00e9ventuellement reli\u00e9es ici. Par la pr\u00e9sente, l&rsquo;auteur d\u00e9clare express\u00e9ment qu&rsquo;au moment de la publication du lien, les pages correspondantes \u00e9taient exemptes de contenus ill\u00e9gaux.<br \/>L&rsquo;auteur s&rsquo;efforce de respecter les droits d&rsquo;auteur des graphiques et des textes utilis\u00e9s dans toutes les publications. Dans la mesure o\u00f9 des marques et marques d\u00e9pos\u00e9es prot\u00e9g\u00e9es par des tiers sont utilis\u00e9es sur des pages appartenant \u00e0 cette pr\u00e9sence, elles sont soumises sans restriction aux dispositions du droit des marques en vigueur et aux droits de propri\u00e9t\u00e9 des propri\u00e9taires enregistr\u00e9s respectifs. La simple mention ne permet pas de conclure que les marques cit\u00e9es ou utilis\u00e9es ne sont pas prot\u00e9g\u00e9es par des droits de tiers ! Les objets cr\u00e9\u00e9s et publi\u00e9s par l&rsquo;auteur, tels que les graphiques, les textes ou les documents photographiques, restent la propri\u00e9t\u00e9 exclusive de l&rsquo;auteur des pages. Toute reproduction ou utilisation de ces contenus est interdite sans l&rsquo;autorisation expresse de l&rsquo;auteur.<\/p>\t\t\t\t\t\t\t\t<\/div>\n\t\t\t\t<\/div>\n\t\t\t\t\t<\/div>\n\t\t<\/div>\n\t\t\t\t\t<\/div>\n\t\t<\/section>\n\t\t\t\t<\/div>\n\t\t","protected":false},"excerpt":{"rendered":"<p>Mentions l\u00e9gales D\u00e9tails selon la loi sur les t\u00e9l\u00e9m\u00e9dias, sections 6 et 7. Responsables du contenu : Dental Concept Systems GmbH Gieselwerder Str. 2 D &#8211; 34399 Wesertal Tel.: +49 (0) 5572-3021010 Fax: +49 (0) 5572-3021099 aktion@dental-concept-systems.com www.dental-concept-systems.com CEOs: Hartmut Reins, Olaf Gl\u00fcck, Nils Brehm Companies Register HRB 17876, Kassel VAT Reg. No. DE 289 [&hellip;]<\/p>\n","protected":false},"author":1,"featured_media":0,"parent":0,"menu_order":21,"comment_status":"closed","ping_status":"closed","template":"elementor_header_footer","meta":{"footnotes":""},"class_list":["post-10072","page","type-page","status-publish","hentry"],"yoast_head":"<!-- This site is optimized with the Yoast SEO plugin v27.0 - https:\/\/yoast.com\/product\/yoast-seo-wordpress\/ -->\n<title>Mentions Legales<\/title>\n<meta name=\"robots\" content=\"index, follow, max-snippet:-1, max-image-preview:large, max-video-preview:-1\" \/>\n<link rel=\"canonical\" href=\"https:\/\/dental-concept-systems.com\/fr\/mentions-legales\/\" \/>\n<meta property=\"og:locale\" content=\"fr_FR\" \/>\n<meta property=\"og:type\" content=\"article\" \/>\n<meta property=\"og:title\" content=\"Mentions Legales\" \/>\n<meta property=\"og:description\" content=\"Mentions l\u00e9gales D\u00e9tails selon la loi sur les t\u00e9l\u00e9m\u00e9dias, sections 6 et 7. Responsables du contenu : Dental Concept Systems GmbH Gieselwerder Str. 2 D &#8211; 34399 Wesertal Tel.: +49 (0) 5572-3021010 Fax: +49 (0) 5572-3021099 aktion@dental-concept-systems.com www.dental-concept-systems.com CEOs: Hartmut Reins, Olaf Gl\u00fcck, Nils Brehm Companies Register HRB 17876, Kassel VAT Reg. No. DE 289 [&hellip;]\" \/>\n<meta property=\"og:url\" content=\"https:\/\/dental-concept-systems.com\/fr\/mentions-legales\/\" \/>\n<meta property=\"og:site_name\" content=\"Dental Concept Systems\" \/>\n<meta property=\"article:publisher\" content=\"https:\/\/de-de.facebook.com\/pages\/category\/Interest\/Dental-Concept-Systems-449234171850313\/\" \/>\n<meta property=\"article:modified_time\" content=\"2022-05-30T06:25:09+00:00\" \/>\n<meta name=\"twitter:card\" content=\"summary_large_image\" \/>\n<script type=\"application\/ld+json\" class=\"yoast-schema-graph\">{\"@context\":\"https:\/\/schema.org\",\"@graph\":[{\"@type\":\"WebPage\",\"@id\":\"https:\/\/dental-concept-systems.com\/fr\/mentions-legales\/\",\"url\":\"https:\/\/dental-concept-systems.com\/fr\/mentions-legales\/\",\"name\":\"Mentions Legales\",\"isPartOf\":{\"@id\":\"https:\/\/dental-concept-systems.com\/fr\/#website\"},\"datePublished\":\"2022-04-12T11:36:14+00:00\",\"dateModified\":\"2022-05-30T06:25:09+00:00\",\"breadcrumb\":{\"@id\":\"https:\/\/dental-concept-systems.com\/fr\/mentions-legales\/#breadcrumb\"},\"inLanguage\":\"fr-FR\",\"potentialAction\":[{\"@type\":\"ReadAction\",\"target\":[\"https:\/\/dental-concept-systems.com\/fr\/mentions-legales\/\"]}]},{\"@type\":\"BreadcrumbList\",\"@id\":\"https:\/\/dental-concept-systems.com\/fr\/mentions-legales\/#breadcrumb\",\"itemListElement\":[{\"@type\":\"ListItem\",\"position\":1,\"name\":\"Home\",\"item\":\"https:\/\/dental-concept-systems.com\/fr\/\"},{\"@type\":\"ListItem\",\"position\":2,\"name\":\"Mentions Legales\"}]},{\"@type\":\"WebSite\",\"@id\":\"https:\/\/dental-concept-systems.com\/fr\/#website\",\"url\":\"https:\/\/dental-concept-systems.com\/fr\/\",\"name\":\"Dental Concept Systems\",\"description\":\"Industry standards\",\"publisher\":{\"@id\":\"https:\/\/dental-concept-systems.com\/fr\/#organization\"},\"potentialAction\":[{\"@type\":\"SearchAction\",\"target\":{\"@type\":\"EntryPoint\",\"urlTemplate\":\"https:\/\/dental-concept-systems.com\/fr\/?s={search_term_string}\"},\"query-input\":{\"@type\":\"PropertyValueSpecification\",\"valueRequired\":true,\"valueName\":\"search_term_string\"}}],\"inLanguage\":\"fr-FR\"},{\"@type\":\"Organization\",\"@id\":\"https:\/\/dental-concept-systems.com\/fr\/#organization\",\"name\":\"Dental Concept Systems GmbH\",\"url\":\"https:\/\/dental-concept-systems.com\/fr\/\",\"logo\":{\"@type\":\"ImageObject\",\"inLanguage\":\"fr-FR\",\"@id\":\"https:\/\/dental-concept-systems.com\/fr\/#\/schema\/logo\/image\/\",\"url\":\"https:\/\/dental-concept-systems.com\/wp-content\/uploads\/2020\/11\/Dental-Concept-Systems-logo.png\",\"contentUrl\":\"https:\/\/dental-concept-systems.com\/wp-content\/uploads\/2020\/11\/Dental-Concept-Systems-logo.png\",\"width\":800,\"height\":310,\"caption\":\"Dental Concept Systems GmbH\"},\"image\":{\"@id\":\"https:\/\/dental-concept-systems.com\/fr\/#\/schema\/logo\/image\/\"},\"sameAs\":[\"https:\/\/de-de.facebook.com\/pages\/category\/Interest\/Dental-Concept-Systems-449234171850313\/\",\"https:\/\/www.instagram.com\/bredentgroup.deutschland\/?hl=de\"]}]}<\/script>\n<!-- \/ Yoast SEO plugin. -->","yoast_head_json":{"title":"Mentions Legales","robots":{"index":"index","follow":"follow","max-snippet":"max-snippet:-1","max-image-preview":"max-image-preview:large","max-video-preview":"max-video-preview:-1"},"canonical":"https:\/\/dental-concept-systems.com\/fr\/mentions-legales\/","og_locale":"fr_FR","og_type":"article","og_title":"Mentions Legales","og_description":"Mentions l\u00e9gales D\u00e9tails selon la loi sur les t\u00e9l\u00e9m\u00e9dias, sections 6 et 7. Responsables du contenu : Dental Concept Systems GmbH Gieselwerder Str. 2 D &#8211; 34399 Wesertal Tel.: +49 (0) 5572-3021010 Fax: +49 (0) 5572-3021099 aktion@dental-concept-systems.com www.dental-concept-systems.com CEOs: Hartmut Reins, Olaf Gl\u00fcck, Nils Brehm Companies Register HRB 17876, Kassel VAT Reg. No. DE 289 [&hellip;]","og_url":"https:\/\/dental-concept-systems.com\/fr\/mentions-legales\/","og_site_name":"Dental Concept Systems","article_publisher":"https:\/\/de-de.facebook.com\/pages\/category\/Interest\/Dental-Concept-Systems-449234171850313\/","article_modified_time":"2022-05-30T06:25:09+00:00","twitter_card":"summary_large_image","schema":{"@context":"https:\/\/schema.org","@graph":[{"@type":"WebPage","@id":"https:\/\/dental-concept-systems.com\/fr\/mentions-legales\/","url":"https:\/\/dental-concept-systems.com\/fr\/mentions-legales\/","name":"Mentions Legales","isPartOf":{"@id":"https:\/\/dental-concept-systems.com\/fr\/#website"},"datePublished":"2022-04-12T11:36:14+00:00","dateModified":"2022-05-30T06:25:09+00:00","breadcrumb":{"@id":"https:\/\/dental-concept-systems.com\/fr\/mentions-legales\/#breadcrumb"},"inLanguage":"fr-FR","potentialAction":[{"@type":"ReadAction","target":["https:\/\/dental-concept-systems.com\/fr\/mentions-legales\/"]}]},{"@type":"BreadcrumbList","@id":"https:\/\/dental-concept-systems.com\/fr\/mentions-legales\/#breadcrumb","itemListElement":[{"@type":"ListItem","position":1,"name":"Home","item":"https:\/\/dental-concept-systems.com\/fr\/"},{"@type":"ListItem","position":2,"name":"Mentions Legales"}]},{"@type":"WebSite","@id":"https:\/\/dental-concept-systems.com\/fr\/#website","url":"https:\/\/dental-concept-systems.com\/fr\/","name":"Dental Concept Systems","description":"Industry standards","publisher":{"@id":"https:\/\/dental-concept-systems.com\/fr\/#organization"},"potentialAction":[{"@type":"SearchAction","target":{"@type":"EntryPoint","urlTemplate":"https:\/\/dental-concept-systems.com\/fr\/?s={search_term_string}"},"query-input":{"@type":"PropertyValueSpecification","valueRequired":true,"valueName":"search_term_string"}}],"inLanguage":"fr-FR"},{"@type":"Organization","@id":"https:\/\/dental-concept-systems.com\/fr\/#organization","name":"Dental Concept Systems GmbH","url":"https:\/\/dental-concept-systems.com\/fr\/","logo":{"@type":"ImageObject","inLanguage":"fr-FR","@id":"https:\/\/dental-concept-systems.com\/fr\/#\/schema\/logo\/image\/","url":"https:\/\/dental-concept-systems.com\/wp-content\/uploads\/2020\/11\/Dental-Concept-Systems-logo.png","contentUrl":"https:\/\/dental-concept-systems.com\/wp-content\/uploads\/2020\/11\/Dental-Concept-Systems-logo.png","width":800,"height":310,"caption":"Dental Concept Systems GmbH"},"image":{"@id":"https:\/\/dental-concept-systems.com\/fr\/#\/schema\/logo\/image\/"},"sameAs":["https:\/\/de-de.facebook.com\/pages\/category\/Interest\/Dental-Concept-Systems-449234171850313\/","https:\/\/www.instagram.com\/bredentgroup.deutschland\/?hl=de"]}]}},"_links":{"self":[{"href":"https:\/\/dental-concept-systems.com\/fr\/wp-json\/wp\/v2\/pages\/10072","targetHints":{"allow":["GET"]}}],"collection":[{"href":"https:\/\/dental-concept-systems.com\/fr\/wp-json\/wp\/v2\/pages"}],"about":[{"href":"https:\/\/dental-concept-systems.com\/fr\/wp-json\/wp\/v2\/types\/page"}],"author":[{"embeddable":true,"href":"https:\/\/dental-concept-systems.com\/fr\/wp-json\/wp\/v2\/users\/1"}],"replies":[{"embeddable":true,"href":"https:\/\/dental-concept-systems.com\/fr\/wp-json\/wp\/v2\/comments?post=10072"}],"version-history":[{"count":6,"href":"https:\/\/dental-concept-systems.com\/fr\/wp-json\/wp\/v2\/pages\/10072\/revisions"}],"predecessor-version":[{"id":11191,"href":"https:\/\/dental-concept-systems.com\/fr\/wp-json\/wp\/v2\/pages\/10072\/revisions\/11191"}],"wp:attachment":[{"href":"https:\/\/dental-concept-systems.com\/fr\/wp-json\/wp\/v2\/media?parent=10072"}],"curies":[{"name":"wp","href":"https:\/\/api.w.org\/{rel}","templated":true}]}}