{"id":10011,"date":"2022-04-12T10:56:50","date_gmt":"2022-04-12T08:56:50","guid":{"rendered":"https:\/\/dental-concept-systems.com\/?page_id=10011"},"modified":"2022-05-30T08:23:35","modified_gmt":"2022-05-30T06:23:35","slug":"materiaux","status":"publish","type":"page","link":"https:\/\/dental-concept-systems.com\/fr\/materiaux\/","title":{"rendered":"Mat\u00e9riaux"},"content":{"rendered":"\t\t<div data-elementor-type=\"wp-page\" data-elementor-id=\"10011\" class=\"elementor elementor-10011 elementor-3150\" data-elementor-post-type=\"page\">\n\t\t\t\t\t\t<section class=\"elementor-section elementor-top-section elementor-element elementor-element-513e6c1 elementor-section-boxed elementor-section-height-default elementor-section-height-default\" data-id=\"513e6c1\" data-element_type=\"section\" data-e-type=\"section\">\n\t\t\t\t\t\t<div class=\"elementor-container elementor-column-gap-no\">\n\t\t\t\t\t<div class=\"elementor-column elementor-col-100 elementor-top-column elementor-element elementor-element-acbb154\" data-id=\"acbb154\" data-element_type=\"column\" data-e-type=\"column\">\n\t\t\t<div class=\"elementor-widget-wrap\">\n\t\t\t\t\t\t\t<\/div>\n\t\t<\/div>\n\t\t\t\t\t<\/div>\n\t\t<\/section>\n\t\t\t\t<section class=\"elementor-section elementor-top-section elementor-element elementor-element-1a5d4c9 elementor-section-boxed elementor-section-height-default elementor-section-height-default\" data-id=\"1a5d4c9\" data-element_type=\"section\" data-e-type=\"section\">\n\t\t\t\t\t\t<div class=\"elementor-container elementor-column-gap-no\">\n\t\t\t\t\t<div class=\"elementor-column elementor-col-100 elementor-top-column elementor-element elementor-element-32ec214\" data-id=\"32ec214\" data-element_type=\"column\" data-e-type=\"column\" data-settings=\"{&quot;background_background&quot;:&quot;classic&quot;}\">\n\t\t\t<div class=\"elementor-widget-wrap elementor-element-populated\">\n\t\t\t\t\t\t<div class=\"elementor-element elementor-element-f1a7a1b elementor-widget elementor-widget-heading\" data-id=\"f1a7a1b\" data-element_type=\"widget\" data-e-type=\"widget\" data-widget_type=\"heading.default\">\n\t\t\t\t<div class=\"elementor-widget-container\">\n\t\t\t\t\t<h1 class=\"elementor-heading-title elementor-size-default\">Mat\u00e9riaux CAD\/CAM avec strat\u00e9gie<\/h1>\t\t\t\t<\/div>\n\t\t\t\t<\/div>\n\t\t\t\t<div class=\"elementor-element elementor-element-e03d13f elementor-widget-divider--view-line elementor-widget elementor-widget-divider\" data-id=\"e03d13f\" data-element_type=\"widget\" data-e-type=\"widget\" data-widget_type=\"divider.default\">\n\t\t\t\t<div class=\"elementor-widget-container\">\n\t\t\t\t\t\t\t<div class=\"elementor-divider\">\n\t\t\t<span class=\"elementor-divider-separator\">\n\t\t\t\t\t\t<\/span>\n\t\t<\/div>\n\t\t\t\t\t\t<\/div>\n\t\t\t\t<\/div>\n\t\t\t\t<div class=\"elementor-element elementor-element-9868fab elementor-widget elementor-widget-text-editor\" data-id=\"9868fab\" data-element_type=\"widget\" data-e-type=\"widget\" data-widget_type=\"text-editor.default\">\n\t\t\t\t<div class=\"elementor-widget-container\">\n\t\t\t\t\t\t\t\t\t<p>L&rsquo;efficacit\u00e9 et la complexit\u00e9 sont le secret d&rsquo;une cha\u00eene de production efficace. Pour que les utilisateurs du syst\u00e8me puissent profiter de cette symbiose prometteuse, une \u00e9quipe de programmeurs, d&rsquo;ing\u00e9nieurs, d&rsquo;usineurs et de proth\u00e9sistes dentaires travaille 24 heures sur 24 \u00e0 l&rsquo;\u00e9laboration d&rsquo;id\u00e9es et de m\u00e9thodes toujours nouvelles pour toute la gamme des mat\u00e9riaux utilis\u00e9s.<br \/>mat\u00e9riaux de Dental Concept Systems.<\/p><p>Tous les mat\u00e9riaux sont sp\u00e9cialement con\u00e7us en fonction des composants du syst\u00e8me et fabriqu\u00e9s selon les sp\u00e9cifications des sp\u00e9cialistes. D\u00e8s le d\u00e9veloppement et la programmation de nouvelles possibilit\u00e9s dans le logiciel de commande et de FAO, les outils et mat\u00e9riaux correspondants sont d\u00e9velopp\u00e9s et fabriqu\u00e9s en m\u00eame temps. Dental Concept Systems offre toujours aux utilisateurs la s\u00e9curit\u00e9 de processus n\u00e9cessaire pour tous les composants du syst\u00e8me. L&rsquo;objectif est d&rsquo;assurer le bon d\u00e9roulement de la production dans le laboratoire dentaire.<\/p>\t\t\t\t\t\t\t\t<\/div>\n\t\t\t\t<\/div>\n\t\t\t\t\t<\/div>\n\t\t<\/div>\n\t\t\t\t\t<\/div>\n\t\t<\/section>\n\t\t\t\t<section class=\"elementor-section elementor-top-section elementor-element elementor-element-b0efed0 elementor-section-boxed elementor-section-height-default elementor-section-height-default\" data-id=\"b0efed0\" data-element_type=\"section\" data-e-type=\"section\">\n\t\t\t\t\t\t<div class=\"elementor-container elementor-column-gap-no\">\n\t\t\t\t\t<div class=\"elementor-column elementor-col-100 elementor-top-column elementor-element elementor-element-b270117\" data-id=\"b270117\" data-element_type=\"column\" data-e-type=\"column\" data-settings=\"{&quot;background_background&quot;:&quot;classic&quot;}\">\n\t\t\t<div class=\"elementor-widget-wrap elementor-element-populated\">\n\t\t\t\t\t\t<div class=\"elementor-element elementor-element-40bb9a8 elementor-widget elementor-widget-image\" data-id=\"40bb9a8\" data-element_type=\"widget\" data-e-type=\"widget\" data-widget_type=\"image.default\">\n\t\t\t\t<div class=\"elementor-widget-container\">\n\t\t\t\t\t\t\t\t\t\t\t\t\t\t\t<img fetchpriority=\"high\" decoding=\"async\" width=\"800\" height=\"340\" src=\"https:\/\/dental-concept-systems.com\/wp-content\/uploads\/2021\/01\/dcs-blanks-1024x435.jpg\" class=\"attachment-large size-large wp-image-7057\" alt=\"\" srcset=\"https:\/\/dental-concept-systems.com\/wp-content\/uploads\/2021\/01\/dcs-blanks-1024x435.jpg 1024w, https:\/\/dental-concept-systems.com\/wp-content\/uploads\/2021\/01\/dcs-blanks-300x128.jpg 300w, https:\/\/dental-concept-systems.com\/wp-content\/uploads\/2021\/01\/dcs-blanks-768x326.jpg 768w, https:\/\/dental-concept-systems.com\/wp-content\/uploads\/2021\/01\/dcs-blanks-1536x653.jpg 1536w, https:\/\/dental-concept-systems.com\/wp-content\/uploads\/2021\/01\/dcs-blanks.jpg 1600w\" sizes=\"(max-width: 800px) 100vw, 800px\" \/>\t\t\t\t\t\t\t\t\t\t\t\t\t\t\t<\/div>\n\t\t\t\t<\/div>\n\t\t\t\t\t<\/div>\n\t\t<\/div>\n\t\t\t\t\t<\/div>\n\t\t<\/section>\n\t\t\t\t<section class=\"elementor-section elementor-top-section elementor-element elementor-element-b9d0392 elementor-section-boxed elementor-section-height-default elementor-section-height-default\" data-id=\"b9d0392\" data-element_type=\"section\" data-e-type=\"section\" data-settings=\"{&quot;background_background&quot;:&quot;classic&quot;}\">\n\t\t\t\t\t\t<div class=\"elementor-container elementor-column-gap-no\">\n\t\t\t\t\t<div class=\"elementor-column elementor-col-50 elementor-top-column elementor-element elementor-element-fd5e629\" data-id=\"fd5e629\" data-element_type=\"column\" data-e-type=\"column\" data-settings=\"{&quot;background_background&quot;:&quot;classic&quot;}\">\n\t\t\t<div class=\"elementor-widget-wrap elementor-element-populated\">\n\t\t\t\t\t\t<div class=\"elementor-element elementor-element-b2a2b30 elementor-widget elementor-widget-image\" data-id=\"b2a2b30\" data-element_type=\"widget\" data-e-type=\"widget\" data-widget_type=\"image.default\">\n\t\t\t\t<div class=\"elementor-widget-container\">\n\t\t\t\t\t\t\t\t\t\t\t\t\t\t\t<img decoding=\"async\" src=\"https:\/\/dental-concept-systems.com\/wp-content\/uploads\/2021\/09\/Luxor-z-produkt.jpg\" title=\"\" alt=\"\" loading=\"lazy\" \/>\t\t\t\t\t\t\t\t\t\t\t\t\t\t\t<\/div>\n\t\t\t\t<\/div>\n\t\t\t\t\t<\/div>\n\t\t<\/div>\n\t\t\t\t<div class=\"elementor-column elementor-col-50 elementor-top-column elementor-element elementor-element-5fc21a3\" data-id=\"5fc21a3\" data-element_type=\"column\" data-e-type=\"column\" data-settings=\"{&quot;background_background&quot;:&quot;classic&quot;}\">\n\t\t\t<div class=\"elementor-widget-wrap elementor-element-populated\">\n\t\t\t\t\t\t<div class=\"elementor-element elementor-element-b11e478 elementor-widget elementor-widget-image\" data-id=\"b11e478\" data-element_type=\"widget\" data-e-type=\"widget\" data-widget_type=\"image.default\">\n\t\t\t\t<div class=\"elementor-widget-container\">\n\t\t\t\t\t\t\t\t\t\t\t\t\t\t\t<img decoding=\"async\" width=\"500\" height=\"185\" src=\"https:\/\/dental-concept-systems.com\/wp-content\/uploads\/2021\/09\/luxor-z-1.png\" class=\"attachment-large size-large wp-image-7260\" alt=\"\" srcset=\"https:\/\/dental-concept-systems.com\/wp-content\/uploads\/2021\/09\/luxor-z-1.png 500w, https:\/\/dental-concept-systems.com\/wp-content\/uploads\/2021\/09\/luxor-z-1-300x111.png 300w\" sizes=\"(max-width: 500px) 100vw, 500px\" \/>\t\t\t\t\t\t\t\t\t\t\t\t\t\t\t<\/div>\n\t\t\t\t<\/div>\n\t\t\t\t<div class=\"elementor-element elementor-element-47413e6 elementor-align-center elementor-widget elementor-widget-button\" data-id=\"47413e6\" data-element_type=\"widget\" data-e-type=\"widget\" data-widget_type=\"button.default\">\n\t\t\t\t<div class=\"elementor-widget-container\">\n\t\t\t\t\t\t\t\t\t<div class=\"elementor-button-wrapper\">\n\t\t\t\t\t<a class=\"elementor-button elementor-button-link elementor-size-md\" href=\"https:\/\/dental-concept-systems.com\/fr\/materialien\/luxor-z\/\">\n\t\t\t\t\t\t<span class=\"elementor-button-content-wrapper\">\n\t\t\t\t\t\t<span class=\"elementor-button-icon\">\n\t\t\t\t<i aria-hidden=\"true\" class=\"fas fa-arrow-alt-circle-right\"><\/i>\t\t\t<\/span>\n\t\t\t\t\t\t\t\t\t<span class=\"elementor-button-text\">En savoir plus<\/span>\n\t\t\t\t\t<\/span>\n\t\t\t\t\t<\/a>\n\t\t\t\t<\/div>\n\t\t\t\t\t\t\t\t<\/div>\n\t\t\t\t<\/div>\n\t\t\t\t\t<\/div>\n\t\t<\/div>\n\t\t\t\t\t<\/div>\n\t\t<\/section>\n\t\t\t\t<\/div>\n\t\t","protected":false},"excerpt":{"rendered":"<p>Mat\u00e9riaux CAD\/CAM avec strat\u00e9gie L&rsquo;efficacit\u00e9 et la complexit\u00e9 sont le secret d&rsquo;une cha\u00eene de production efficace. Pour que les utilisateurs du syst\u00e8me puissent profiter de cette symbiose prometteuse, une \u00e9quipe de programmeurs, d&rsquo;ing\u00e9nieurs, d&rsquo;usineurs et de proth\u00e9sistes dentaires travaille 24 heures sur 24 \u00e0 l&rsquo;\u00e9laboration d&rsquo;id\u00e9es et de m\u00e9thodes toujours nouvelles pour toute la gamme [&hellip;]<\/p>\n","protected":false},"author":1,"featured_media":0,"parent":0,"menu_order":6,"comment_status":"closed","ping_status":"closed","template":"","meta":{"footnotes":""},"class_list":["post-10011","page","type-page","status-publish","hentry"],"yoast_head":"<!-- This site is optimized with the Yoast SEO plugin v27.0 - https:\/\/yoast.com\/product\/yoast-seo-wordpress\/ -->\n<title>Mat\u00e9riaux<\/title>\n<meta name=\"robots\" content=\"index, follow, max-snippet:-1, max-image-preview:large, max-video-preview:-1\" \/>\n<link rel=\"canonical\" href=\"https:\/\/dental-concept-systems.com\/fr\/materiaux\/\" \/>\n<meta property=\"og:locale\" content=\"fr_FR\" \/>\n<meta property=\"og:type\" content=\"article\" \/>\n<meta property=\"og:title\" content=\"Mat\u00e9riaux\" \/>\n<meta property=\"og:description\" content=\"Mat\u00e9riaux CAD\/CAM avec strat\u00e9gie L&rsquo;efficacit\u00e9 et la complexit\u00e9 sont le secret d&rsquo;une cha\u00eene de production efficace. Pour que les utilisateurs du syst\u00e8me puissent profiter de cette symbiose prometteuse, une \u00e9quipe de programmeurs, d&rsquo;ing\u00e9nieurs, d&rsquo;usineurs et de proth\u00e9sistes dentaires travaille 24 heures sur 24 \u00e0 l&rsquo;\u00e9laboration d&rsquo;id\u00e9es et de m\u00e9thodes toujours nouvelles pour toute la gamme [&hellip;]\" \/>\n<meta property=\"og:url\" content=\"https:\/\/dental-concept-systems.com\/fr\/materiaux\/\" \/>\n<meta property=\"og:site_name\" content=\"Dental Concept Systems\" \/>\n<meta property=\"article:publisher\" content=\"https:\/\/de-de.facebook.com\/pages\/category\/Interest\/Dental-Concept-Systems-449234171850313\/\" \/>\n<meta property=\"article:modified_time\" content=\"2022-05-30T06:23:35+00:00\" \/>\n<meta property=\"og:image\" content=\"https:\/\/dental-concept-systems.com\/wp-content\/uploads\/2021\/01\/dcs-blanks-1024x435.jpg\" \/>\n<meta name=\"twitter:card\" content=\"summary_large_image\" \/>\n<script type=\"application\/ld+json\" class=\"yoast-schema-graph\">{\"@context\":\"https:\/\/schema.org\",\"@graph\":[{\"@type\":\"WebPage\",\"@id\":\"https:\/\/dental-concept-systems.com\/fr\/materiaux\/\",\"url\":\"https:\/\/dental-concept-systems.com\/fr\/materiaux\/\",\"name\":\"Mat\u00e9riaux\",\"isPartOf\":{\"@id\":\"https:\/\/dental-concept-systems.com\/fr\/#website\"},\"primaryImageOfPage\":{\"@id\":\"https:\/\/dental-concept-systems.com\/fr\/materiaux\/#primaryimage\"},\"image\":{\"@id\":\"https:\/\/dental-concept-systems.com\/fr\/materiaux\/#primaryimage\"},\"thumbnailUrl\":\"https:\/\/dental-concept-systems.com\/wp-content\/uploads\/2021\/01\/dcs-blanks-1024x435.jpg\",\"datePublished\":\"2022-04-12T08:56:50+00:00\",\"dateModified\":\"2022-05-30T06:23:35+00:00\",\"breadcrumb\":{\"@id\":\"https:\/\/dental-concept-systems.com\/fr\/materiaux\/#breadcrumb\"},\"inLanguage\":\"fr-FR\",\"potentialAction\":[{\"@type\":\"ReadAction\",\"target\":[\"https:\/\/dental-concept-systems.com\/fr\/materiaux\/\"]}]},{\"@type\":\"ImageObject\",\"inLanguage\":\"fr-FR\",\"@id\":\"https:\/\/dental-concept-systems.com\/fr\/materiaux\/#primaryimage\",\"url\":\"https:\/\/dental-concept-systems.com\/wp-content\/uploads\/2021\/01\/dcs-blanks-1024x435.jpg\",\"contentUrl\":\"https:\/\/dental-concept-systems.com\/wp-content\/uploads\/2021\/01\/dcs-blanks-1024x435.jpg\"},{\"@type\":\"BreadcrumbList\",\"@id\":\"https:\/\/dental-concept-systems.com\/fr\/materiaux\/#breadcrumb\",\"itemListElement\":[{\"@type\":\"ListItem\",\"position\":1,\"name\":\"Home\",\"item\":\"https:\/\/dental-concept-systems.com\/fr\/\"},{\"@type\":\"ListItem\",\"position\":2,\"name\":\"Mat\u00e9riaux\"}]},{\"@type\":\"WebSite\",\"@id\":\"https:\/\/dental-concept-systems.com\/fr\/#website\",\"url\":\"https:\/\/dental-concept-systems.com\/fr\/\",\"name\":\"Dental Concept Systems\",\"description\":\"Industry standards\",\"publisher\":{\"@id\":\"https:\/\/dental-concept-systems.com\/fr\/#organization\"},\"potentialAction\":[{\"@type\":\"SearchAction\",\"target\":{\"@type\":\"EntryPoint\",\"urlTemplate\":\"https:\/\/dental-concept-systems.com\/fr\/?s={search_term_string}\"},\"query-input\":{\"@type\":\"PropertyValueSpecification\",\"valueRequired\":true,\"valueName\":\"search_term_string\"}}],\"inLanguage\":\"fr-FR\"},{\"@type\":\"Organization\",\"@id\":\"https:\/\/dental-concept-systems.com\/fr\/#organization\",\"name\":\"Dental Concept Systems GmbH\",\"url\":\"https:\/\/dental-concept-systems.com\/fr\/\",\"logo\":{\"@type\":\"ImageObject\",\"inLanguage\":\"fr-FR\",\"@id\":\"https:\/\/dental-concept-systems.com\/fr\/#\/schema\/logo\/image\/\",\"url\":\"https:\/\/dental-concept-systems.com\/wp-content\/uploads\/2020\/11\/Dental-Concept-Systems-logo.png\",\"contentUrl\":\"https:\/\/dental-concept-systems.com\/wp-content\/uploads\/2020\/11\/Dental-Concept-Systems-logo.png\",\"width\":800,\"height\":310,\"caption\":\"Dental Concept Systems GmbH\"},\"image\":{\"@id\":\"https:\/\/dental-concept-systems.com\/fr\/#\/schema\/logo\/image\/\"},\"sameAs\":[\"https:\/\/de-de.facebook.com\/pages\/category\/Interest\/Dental-Concept-Systems-449234171850313\/\",\"https:\/\/www.instagram.com\/bredentgroup.deutschland\/?hl=de\"]}]}<\/script>\n<!-- \/ Yoast SEO plugin. -->","yoast_head_json":{"title":"Mat\u00e9riaux","robots":{"index":"index","follow":"follow","max-snippet":"max-snippet:-1","max-image-preview":"max-image-preview:large","max-video-preview":"max-video-preview:-1"},"canonical":"https:\/\/dental-concept-systems.com\/fr\/materiaux\/","og_locale":"fr_FR","og_type":"article","og_title":"Mat\u00e9riaux","og_description":"Mat\u00e9riaux CAD\/CAM avec strat\u00e9gie L&rsquo;efficacit\u00e9 et la complexit\u00e9 sont le secret d&rsquo;une cha\u00eene de production efficace. Pour que les utilisateurs du syst\u00e8me puissent profiter de cette symbiose prometteuse, une \u00e9quipe de programmeurs, d&rsquo;ing\u00e9nieurs, d&rsquo;usineurs et de proth\u00e9sistes dentaires travaille 24 heures sur 24 \u00e0 l&rsquo;\u00e9laboration d&rsquo;id\u00e9es et de m\u00e9thodes toujours nouvelles pour toute la gamme [&hellip;]","og_url":"https:\/\/dental-concept-systems.com\/fr\/materiaux\/","og_site_name":"Dental Concept Systems","article_publisher":"https:\/\/de-de.facebook.com\/pages\/category\/Interest\/Dental-Concept-Systems-449234171850313\/","article_modified_time":"2022-05-30T06:23:35+00:00","og_image":[{"url":"https:\/\/dental-concept-systems.com\/wp-content\/uploads\/2021\/01\/dcs-blanks-1024x435.jpg","type":"","width":"","height":""}],"twitter_card":"summary_large_image","schema":{"@context":"https:\/\/schema.org","@graph":[{"@type":"WebPage","@id":"https:\/\/dental-concept-systems.com\/fr\/materiaux\/","url":"https:\/\/dental-concept-systems.com\/fr\/materiaux\/","name":"Mat\u00e9riaux","isPartOf":{"@id":"https:\/\/dental-concept-systems.com\/fr\/#website"},"primaryImageOfPage":{"@id":"https:\/\/dental-concept-systems.com\/fr\/materiaux\/#primaryimage"},"image":{"@id":"https:\/\/dental-concept-systems.com\/fr\/materiaux\/#primaryimage"},"thumbnailUrl":"https:\/\/dental-concept-systems.com\/wp-content\/uploads\/2021\/01\/dcs-blanks-1024x435.jpg","datePublished":"2022-04-12T08:56:50+00:00","dateModified":"2022-05-30T06:23:35+00:00","breadcrumb":{"@id":"https:\/\/dental-concept-systems.com\/fr\/materiaux\/#breadcrumb"},"inLanguage":"fr-FR","potentialAction":[{"@type":"ReadAction","target":["https:\/\/dental-concept-systems.com\/fr\/materiaux\/"]}]},{"@type":"ImageObject","inLanguage":"fr-FR","@id":"https:\/\/dental-concept-systems.com\/fr\/materiaux\/#primaryimage","url":"https:\/\/dental-concept-systems.com\/wp-content\/uploads\/2021\/01\/dcs-blanks-1024x435.jpg","contentUrl":"https:\/\/dental-concept-systems.com\/wp-content\/uploads\/2021\/01\/dcs-blanks-1024x435.jpg"},{"@type":"BreadcrumbList","@id":"https:\/\/dental-concept-systems.com\/fr\/materiaux\/#breadcrumb","itemListElement":[{"@type":"ListItem","position":1,"name":"Home","item":"https:\/\/dental-concept-systems.com\/fr\/"},{"@type":"ListItem","position":2,"name":"Mat\u00e9riaux"}]},{"@type":"WebSite","@id":"https:\/\/dental-concept-systems.com\/fr\/#website","url":"https:\/\/dental-concept-systems.com\/fr\/","name":"Dental Concept Systems","description":"Industry standards","publisher":{"@id":"https:\/\/dental-concept-systems.com\/fr\/#organization"},"potentialAction":[{"@type":"SearchAction","target":{"@type":"EntryPoint","urlTemplate":"https:\/\/dental-concept-systems.com\/fr\/?s={search_term_string}"},"query-input":{"@type":"PropertyValueSpecification","valueRequired":true,"valueName":"search_term_string"}}],"inLanguage":"fr-FR"},{"@type":"Organization","@id":"https:\/\/dental-concept-systems.com\/fr\/#organization","name":"Dental Concept Systems GmbH","url":"https:\/\/dental-concept-systems.com\/fr\/","logo":{"@type":"ImageObject","inLanguage":"fr-FR","@id":"https:\/\/dental-concept-systems.com\/fr\/#\/schema\/logo\/image\/","url":"https:\/\/dental-concept-systems.com\/wp-content\/uploads\/2020\/11\/Dental-Concept-Systems-logo.png","contentUrl":"https:\/\/dental-concept-systems.com\/wp-content\/uploads\/2020\/11\/Dental-Concept-Systems-logo.png","width":800,"height":310,"caption":"Dental Concept Systems GmbH"},"image":{"@id":"https:\/\/dental-concept-systems.com\/fr\/#\/schema\/logo\/image\/"},"sameAs":["https:\/\/de-de.facebook.com\/pages\/category\/Interest\/Dental-Concept-Systems-449234171850313\/","https:\/\/www.instagram.com\/bredentgroup.deutschland\/?hl=de"]}]}},"_links":{"self":[{"href":"https:\/\/dental-concept-systems.com\/fr\/wp-json\/wp\/v2\/pages\/10011","targetHints":{"allow":["GET"]}}],"collection":[{"href":"https:\/\/dental-concept-systems.com\/fr\/wp-json\/wp\/v2\/pages"}],"about":[{"href":"https:\/\/dental-concept-systems.com\/fr\/wp-json\/wp\/v2\/types\/page"}],"author":[{"embeddable":true,"href":"https:\/\/dental-concept-systems.com\/fr\/wp-json\/wp\/v2\/users\/1"}],"replies":[{"embeddable":true,"href":"https:\/\/dental-concept-systems.com\/fr\/wp-json\/wp\/v2\/comments?post=10011"}],"version-history":[{"count":6,"href":"https:\/\/dental-concept-systems.com\/fr\/wp-json\/wp\/v2\/pages\/10011\/revisions"}],"predecessor-version":[{"id":11187,"href":"https:\/\/dental-concept-systems.com\/fr\/wp-json\/wp\/v2\/pages\/10011\/revisions\/11187"}],"wp:attachment":[{"href":"https:\/\/dental-concept-systems.com\/fr\/wp-json\/wp\/v2\/media?parent=10011"}],"curies":[{"name":"wp","href":"https:\/\/api.w.org\/{rel}","templated":true}]}}