{"id":10088,"date":"2022-04-12T13:47:02","date_gmt":"2022-04-12T11:47:02","guid":{"rendered":"https:\/\/dental-concept-systems.com\/?page_id=10088"},"modified":"2022-07-11T11:49:30","modified_gmt":"2022-07-11T09:49:30","slug":"pie-de-imprenta","status":"publish","type":"page","link":"https:\/\/dental-concept-systems.com\/es\/pie-de-imprenta\/","title":{"rendered":"Pie de Imprenta"},"content":{"rendered":"\t\t<div data-elementor-type=\"wp-page\" data-elementor-id=\"10088\" class=\"elementor elementor-10088 elementor-371\" data-elementor-post-type=\"page\">\n\t\t\t\t\t\t<section class=\"elementor-section elementor-top-section elementor-element elementor-element-386bfcc elementor-section-boxed elementor-section-height-default elementor-section-height-default\" data-id=\"386bfcc\" data-element_type=\"section\" data-e-type=\"section\">\n\t\t\t\t\t\t<div class=\"elementor-container elementor-column-gap-default\">\n\t\t\t\t\t<div class=\"elementor-column elementor-col-100 elementor-top-column elementor-element elementor-element-528fb31\" data-id=\"528fb31\" data-element_type=\"column\" data-e-type=\"column\">\n\t\t\t<div class=\"elementor-widget-wrap elementor-element-populated\">\n\t\t\t\t\t\t<div class=\"elementor-element elementor-element-3cd10ca elementor-widget elementor-widget-heading\" data-id=\"3cd10ca\" data-element_type=\"widget\" data-e-type=\"widget\" data-widget_type=\"heading.default\">\n\t\t\t\t<div class=\"elementor-widget-container\">\n\t\t\t\t\t<h2 class=\"elementor-heading-title elementor-size-default\"> Pie de imprenta <\/h2>\t\t\t\t<\/div>\n\t\t\t\t<\/div>\n\t\t\t\t\t<\/div>\n\t\t<\/div>\n\t\t\t\t\t<\/div>\n\t\t<\/section>\n\t\t\t\t<section class=\"elementor-section elementor-top-section elementor-element elementor-element-dc39456 elementor-section-boxed elementor-section-height-default elementor-section-height-default\" data-id=\"dc39456\" data-element_type=\"section\" data-e-type=\"section\">\n\t\t\t\t\t\t<div class=\"elementor-container elementor-column-gap-default\">\n\t\t\t\t\t<div class=\"elementor-column elementor-col-100 elementor-top-column elementor-element elementor-element-f0a9082\" data-id=\"f0a9082\" data-element_type=\"column\" data-e-type=\"column\">\n\t\t\t<div class=\"elementor-widget-wrap elementor-element-populated\">\n\t\t\t\t\t\t<div class=\"elementor-element elementor-element-15008a7 elementor-widget elementor-widget-text-editor\" data-id=\"15008a7\" data-element_type=\"widget\" data-e-type=\"widget\" data-widget_type=\"text-editor.default\">\n\t\t\t\t<div class=\"elementor-widget-container\">\n\t\t\t\t\t\t\t\t\t<h4>Detalles seg\u00fan la Ley de Telemedia, secciones 6 y 7. Los responsables del contenido son:<\/h4>\n<p>Dental Concept Systems GmbH<br>Gieselwerder Str. 2<br>D &#8211; 34399 Wesertal<\/p>\n<p>Tel.: +49 (0) 5572-3021010<br>Fax: +49 (0) 5572-3021099<\/p>\n<p><b><span id=\"cloakc4f424e31277579f189272782adf31f3\"><\/span><a href=\"mailto:aktion@dental-concept-systems.com\">aktion@dental-concept-systems.com<\/a><br><a href=\"https:\/\/www.bredent-digital-workflow.com\/\">www.dental-concept-systems.com<\/a><\/b><\/p>\n<p>CEOs: Hartmut Reins, Olaf Gl\u00fcck, Nils Brehm<\/p>\n<p>Companies Register HRB 17876, Kassel<\/p>\n<p>VAT Reg. No. DE 289 798 537<\/p>\n<p><br><\/p>\n<p><b>Todos los derechos reservados&nbsp;<\/b><\/p>\n<p>Todas las p\u00e1ginas web de www.dental-concpet-systems.de son de nuestra propiedad y est\u00e1n protegidas por las leyes internacionales de derechos de autor.<br>Ninguna parte de las p\u00e1ginas web puede ser reproducida, traducida, transmitida o almacenada para uso comercial sin nuestra autorizaci\u00f3n expresa por escrito. Esto tambi\u00e9n se aplica a la copia y el uso posterior de las p\u00e1ginas, los folletos, todos los formularios, as\u00ed como el logotipo y el dise\u00f1o.<br>No est\u00e1 permitido extraer archivos de datos y utilizarlos indebidamente con fines comerciales u otros env\u00edos que cumplan los hechos del llamado spam.<br>Cualquier uso fuera de los estrechos l\u00edmites de la ley de derechos de autor no est\u00e1 permitido sin nuestro consentimiento.<\/p>\n<p>Informaci\u00f3n sobre la fuente de las im\u00e1genes y los gr\u00e1ficos utilizados: fotolia#46469439 &#8211; bonita mujer dentista \u00a9 Igor Mojzes, fotolia#54267383 &#8211; mapa vectorial con dise\u00f1o especial de croquis \u00a9 maresz_1980<\/p>\n<p><b><br><\/b><\/p><p><b>Descargo de responsabilidad<\/b><\/p>\n<p>El autor de este sitio no asume ninguna responsabilidad por la actualidad, exactitud, integridad, calidad o buen funcionamiento de la informaci\u00f3n proporcionada y enlazada.<br>Queda excluida cualquier responsabilidad por posibles da\u00f1os. Es irrelevante que los da\u00f1os sean de car\u00e1cter material o inmaterial. En caso de que se produzcan da\u00f1os a usted o a terceros debido a una informaci\u00f3n y\/o manipulaci\u00f3n incorrecta o incompleta, se excluye por principio la responsabilidad.<br>El autor se reserva expresamente el derecho a modificar, completar, eliminar o suspender temporal o definitivamente la publicaci\u00f3n de partes de las p\u00e1ginas o de todo el sitio web sin previo aviso.<br>Dado que el autor puede ser considerado responsable del contenido de las p\u00e1ginas enlazadas, se distancia del contenido de todas las p\u00e1ginas externas enlazadas directa o indirectamente. Dado que estas p\u00e1ginas est\u00e1n fuera del \u00e1mbito de responsabilidad del autor, la responsabilidad s\u00f3lo se aplicar\u00eda si el autor tuviera influencia o acceso a los contenidos enlazados. No es t\u00e9cnicamente posible ni razonable que el autor impida contenidos ilegales en otras p\u00e1ginas que puedan estar enlazadas aqu\u00ed. El autor declara expresamente que, en el momento de la publicaci\u00f3n del enlace, las p\u00e1ginas correspondientes estaban libres de contenidos ilegales.<br>El autor se esfuerza por respetar los derechos de autor de los gr\u00e1ficos y textos utilizados en todas las publicaciones. En la medida en que en las p\u00e1ginas pertenecientes a esta presencia se utilicen marcas y marcas comerciales protegidas por terceros, \u00e9stas est\u00e1n sujetas sin restricciones a las disposiciones del derecho de marcas respectivamente vigente y a los derechos de propiedad de los respectivos propietarios registrados. La mera menci\u00f3n de una marca no implica que no est\u00e9 protegida por derechos de terceros. Los objetos creados y publicados por el autor, como gr\u00e1ficos, textos o documentos de imagen, siguen siendo propiedad exclusiva del autor de las p\u00e1ginas. No se permite la reproducci\u00f3n o utilizaci\u00f3n de estos contenidos sin el consentimiento expreso del autor.<\/p>\t\t\t\t\t\t\t\t<\/div>\n\t\t\t\t<\/div>\n\t\t\t\t\t<\/div>\n\t\t<\/div>\n\t\t\t\t\t<\/div>\n\t\t<\/section>\n\t\t\t\t<\/div>\n\t\t","protected":false},"excerpt":{"rendered":"<p>Pie de imprenta Detalles seg\u00fan la Ley de Telemedia, secciones 6 y 7. Los responsables del contenido son: Dental Concept Systems GmbHGieselwerder Str. 2D &#8211; 34399 Wesertal Tel.: +49 (0) 5572-3021010Fax: +49 (0) 5572-3021099 aktion@dental-concept-systems.comwww.dental-concept-systems.com CEOs: Hartmut Reins, Olaf Gl\u00fcck, Nils Brehm Companies Register HRB 17876, Kassel VAT Reg. No. DE 289 798 537 Todos [&hellip;]<\/p>\n","protected":false},"author":1,"featured_media":0,"parent":0,"menu_order":21,"comment_status":"closed","ping_status":"closed","template":"elementor_header_footer","meta":{"footnotes":""},"class_list":["post-10088","page","type-page","status-publish","hentry"],"yoast_head":"<!-- This site is optimized with the Yoast SEO plugin v27.0 - https:\/\/yoast.com\/product\/yoast-seo-wordpress\/ -->\n<title>Pie de Imprenta<\/title>\n<meta name=\"robots\" content=\"index, follow, max-snippet:-1, max-image-preview:large, max-video-preview:-1\" \/>\n<link rel=\"canonical\" href=\"https:\/\/dental-concept-systems.com\/es\/pie-de-imprenta\/\" \/>\n<meta property=\"og:locale\" content=\"es_ES\" \/>\n<meta property=\"og:type\" content=\"article\" \/>\n<meta property=\"og:title\" content=\"Pie de Imprenta\" \/>\n<meta property=\"og:description\" content=\"Pie de imprenta Detalles seg\u00fan la Ley de Telemedia, secciones 6 y 7. Los responsables del contenido son: Dental Concept Systems GmbHGieselwerder Str. 2D &#8211; 34399 Wesertal Tel.: +49 (0) 5572-3021010Fax: +49 (0) 5572-3021099 aktion@dental-concept-systems.comwww.dental-concept-systems.com CEOs: Hartmut Reins, Olaf Gl\u00fcck, Nils Brehm Companies Register HRB 17876, Kassel VAT Reg. No. DE 289 798 537 Todos [&hellip;]\" \/>\n<meta property=\"og:url\" content=\"https:\/\/dental-concept-systems.com\/es\/pie-de-imprenta\/\" \/>\n<meta property=\"og:site_name\" content=\"Dental Concept Systems\" \/>\n<meta property=\"article:publisher\" content=\"https:\/\/de-de.facebook.com\/pages\/category\/Interest\/Dental-Concept-Systems-449234171850313\/\" \/>\n<meta property=\"article:modified_time\" content=\"2022-07-11T09:49:30+00:00\" \/>\n<meta name=\"twitter:card\" content=\"summary_large_image\" \/>\n<script type=\"application\/ld+json\" class=\"yoast-schema-graph\">{\"@context\":\"https:\/\/schema.org\",\"@graph\":[{\"@type\":\"WebPage\",\"@id\":\"https:\/\/dental-concept-systems.com\/es\/pie-de-imprenta\/\",\"url\":\"https:\/\/dental-concept-systems.com\/es\/pie-de-imprenta\/\",\"name\":\"Pie de Imprenta\",\"isPartOf\":{\"@id\":\"https:\/\/dental-concept-systems.com\/es\/#website\"},\"datePublished\":\"2022-04-12T11:47:02+00:00\",\"dateModified\":\"2022-07-11T09:49:30+00:00\",\"breadcrumb\":{\"@id\":\"https:\/\/dental-concept-systems.com\/es\/pie-de-imprenta\/#breadcrumb\"},\"inLanguage\":\"es\",\"potentialAction\":[{\"@type\":\"ReadAction\",\"target\":[\"https:\/\/dental-concept-systems.com\/es\/pie-de-imprenta\/\"]}]},{\"@type\":\"BreadcrumbList\",\"@id\":\"https:\/\/dental-concept-systems.com\/es\/pie-de-imprenta\/#breadcrumb\",\"itemListElement\":[{\"@type\":\"ListItem\",\"position\":1,\"name\":\"Home\",\"item\":\"https:\/\/dental-concept-systems.com\/es\/\"},{\"@type\":\"ListItem\",\"position\":2,\"name\":\"Pie de Imprenta\"}]},{\"@type\":\"WebSite\",\"@id\":\"https:\/\/dental-concept-systems.com\/es\/#website\",\"url\":\"https:\/\/dental-concept-systems.com\/es\/\",\"name\":\"Dental Concept Systems\",\"description\":\"Industry standards\",\"publisher\":{\"@id\":\"https:\/\/dental-concept-systems.com\/es\/#organization\"},\"potentialAction\":[{\"@type\":\"SearchAction\",\"target\":{\"@type\":\"EntryPoint\",\"urlTemplate\":\"https:\/\/dental-concept-systems.com\/es\/?s={search_term_string}\"},\"query-input\":{\"@type\":\"PropertyValueSpecification\",\"valueRequired\":true,\"valueName\":\"search_term_string\"}}],\"inLanguage\":\"es\"},{\"@type\":\"Organization\",\"@id\":\"https:\/\/dental-concept-systems.com\/es\/#organization\",\"name\":\"Dental Concept Systems GmbH\",\"url\":\"https:\/\/dental-concept-systems.com\/es\/\",\"logo\":{\"@type\":\"ImageObject\",\"inLanguage\":\"es\",\"@id\":\"https:\/\/dental-concept-systems.com\/es\/#\/schema\/logo\/image\/\",\"url\":\"https:\/\/dental-concept-systems.com\/wp-content\/uploads\/2020\/11\/Dental-Concept-Systems-logo.png\",\"contentUrl\":\"https:\/\/dental-concept-systems.com\/wp-content\/uploads\/2020\/11\/Dental-Concept-Systems-logo.png\",\"width\":800,\"height\":310,\"caption\":\"Dental Concept Systems GmbH\"},\"image\":{\"@id\":\"https:\/\/dental-concept-systems.com\/es\/#\/schema\/logo\/image\/\"},\"sameAs\":[\"https:\/\/de-de.facebook.com\/pages\/category\/Interest\/Dental-Concept-Systems-449234171850313\/\",\"https:\/\/www.instagram.com\/bredentgroup.deutschland\/?hl=de\"]}]}<\/script>\n<!-- \/ Yoast SEO plugin. -->","yoast_head_json":{"title":"Pie de Imprenta","robots":{"index":"index","follow":"follow","max-snippet":"max-snippet:-1","max-image-preview":"max-image-preview:large","max-video-preview":"max-video-preview:-1"},"canonical":"https:\/\/dental-concept-systems.com\/es\/pie-de-imprenta\/","og_locale":"es_ES","og_type":"article","og_title":"Pie de Imprenta","og_description":"Pie de imprenta Detalles seg\u00fan la Ley de Telemedia, secciones 6 y 7. Los responsables del contenido son: Dental Concept Systems GmbHGieselwerder Str. 2D &#8211; 34399 Wesertal Tel.: +49 (0) 5572-3021010Fax: +49 (0) 5572-3021099 aktion@dental-concept-systems.comwww.dental-concept-systems.com CEOs: Hartmut Reins, Olaf Gl\u00fcck, Nils Brehm Companies Register HRB 17876, Kassel VAT Reg. No. DE 289 798 537 Todos [&hellip;]","og_url":"https:\/\/dental-concept-systems.com\/es\/pie-de-imprenta\/","og_site_name":"Dental Concept Systems","article_publisher":"https:\/\/de-de.facebook.com\/pages\/category\/Interest\/Dental-Concept-Systems-449234171850313\/","article_modified_time":"2022-07-11T09:49:30+00:00","twitter_card":"summary_large_image","schema":{"@context":"https:\/\/schema.org","@graph":[{"@type":"WebPage","@id":"https:\/\/dental-concept-systems.com\/es\/pie-de-imprenta\/","url":"https:\/\/dental-concept-systems.com\/es\/pie-de-imprenta\/","name":"Pie de Imprenta","isPartOf":{"@id":"https:\/\/dental-concept-systems.com\/es\/#website"},"datePublished":"2022-04-12T11:47:02+00:00","dateModified":"2022-07-11T09:49:30+00:00","breadcrumb":{"@id":"https:\/\/dental-concept-systems.com\/es\/pie-de-imprenta\/#breadcrumb"},"inLanguage":"es","potentialAction":[{"@type":"ReadAction","target":["https:\/\/dental-concept-systems.com\/es\/pie-de-imprenta\/"]}]},{"@type":"BreadcrumbList","@id":"https:\/\/dental-concept-systems.com\/es\/pie-de-imprenta\/#breadcrumb","itemListElement":[{"@type":"ListItem","position":1,"name":"Home","item":"https:\/\/dental-concept-systems.com\/es\/"},{"@type":"ListItem","position":2,"name":"Pie de Imprenta"}]},{"@type":"WebSite","@id":"https:\/\/dental-concept-systems.com\/es\/#website","url":"https:\/\/dental-concept-systems.com\/es\/","name":"Dental Concept Systems","description":"Industry standards","publisher":{"@id":"https:\/\/dental-concept-systems.com\/es\/#organization"},"potentialAction":[{"@type":"SearchAction","target":{"@type":"EntryPoint","urlTemplate":"https:\/\/dental-concept-systems.com\/es\/?s={search_term_string}"},"query-input":{"@type":"PropertyValueSpecification","valueRequired":true,"valueName":"search_term_string"}}],"inLanguage":"es"},{"@type":"Organization","@id":"https:\/\/dental-concept-systems.com\/es\/#organization","name":"Dental Concept Systems GmbH","url":"https:\/\/dental-concept-systems.com\/es\/","logo":{"@type":"ImageObject","inLanguage":"es","@id":"https:\/\/dental-concept-systems.com\/es\/#\/schema\/logo\/image\/","url":"https:\/\/dental-concept-systems.com\/wp-content\/uploads\/2020\/11\/Dental-Concept-Systems-logo.png","contentUrl":"https:\/\/dental-concept-systems.com\/wp-content\/uploads\/2020\/11\/Dental-Concept-Systems-logo.png","width":800,"height":310,"caption":"Dental Concept Systems GmbH"},"image":{"@id":"https:\/\/dental-concept-systems.com\/es\/#\/schema\/logo\/image\/"},"sameAs":["https:\/\/de-de.facebook.com\/pages\/category\/Interest\/Dental-Concept-Systems-449234171850313\/","https:\/\/www.instagram.com\/bredentgroup.deutschland\/?hl=de"]}]}},"_links":{"self":[{"href":"https:\/\/dental-concept-systems.com\/es\/wp-json\/wp\/v2\/pages\/10088","targetHints":{"allow":["GET"]}}],"collection":[{"href":"https:\/\/dental-concept-systems.com\/es\/wp-json\/wp\/v2\/pages"}],"about":[{"href":"https:\/\/dental-concept-systems.com\/es\/wp-json\/wp\/v2\/types\/page"}],"author":[{"embeddable":true,"href":"https:\/\/dental-concept-systems.com\/es\/wp-json\/wp\/v2\/users\/1"}],"replies":[{"embeddable":true,"href":"https:\/\/dental-concept-systems.com\/es\/wp-json\/wp\/v2\/comments?post=10088"}],"version-history":[{"count":9,"href":"https:\/\/dental-concept-systems.com\/es\/wp-json\/wp\/v2\/pages\/10088\/revisions"}],"predecessor-version":[{"id":11745,"href":"https:\/\/dental-concept-systems.com\/es\/wp-json\/wp\/v2\/pages\/10088\/revisions\/11745"}],"wp:attachment":[{"href":"https:\/\/dental-concept-systems.com\/es\/wp-json\/wp\/v2\/media?parent=10088"}],"curies":[{"name":"wp","href":"https:\/\/api.w.org\/{rel}","templated":true}]}}