{"id":10023,"date":"2022-04-12T11:02:57","date_gmt":"2022-04-12T09:02:57","guid":{"rendered":"https:\/\/dental-concept-systems.com\/?page_id=10023"},"modified":"2026-05-08T15:08:32","modified_gmt":"2026-05-08T13:08:32","slug":"materiales","status":"publish","type":"page","link":"https:\/\/dental-concept-systems.com\/es\/materiales\/","title":{"rendered":"Materiales"},"content":{"rendered":"\t\t<div data-elementor-type=\"wp-page\" data-elementor-id=\"10023\" class=\"elementor elementor-10023 elementor-3150\" data-elementor-post-type=\"page\">\n\t\t\t\t<div class=\"elementor-element elementor-element-7ee264d e-flex e-con-boxed e-con e-parent\" data-id=\"7ee264d\" data-element_type=\"container\" data-e-type=\"container\">\n\t\t\t\t\t<div class=\"e-con-inner\">\n\t\t<div class=\"elementor-element elementor-element-d63a09c e-con-full e-flex e-con e-child\" data-id=\"d63a09c\" data-element_type=\"container\" data-e-type=\"container\" data-settings=\"{&quot;background_background&quot;:&quot;classic&quot;}\">\n\t\t<div class=\"elementor-element elementor-element-02e2514 e-con-full e-flex e-con e-child\" data-id=\"02e2514\" data-element_type=\"container\" data-e-type=\"container\">\n\t\t\t\t<div class=\"elementor-element elementor-element-d257c0a elementor-widget elementor-widget-heading\" data-id=\"d257c0a\" data-element_type=\"widget\" data-e-type=\"widget\" data-widget_type=\"heading.default\">\n\t\t\t\t<div class=\"elementor-widget-container\">\n\t\t\t\t\t<h1 class=\"elementor-heading-title elementor-size-default\">Materiales CAD\/CAM con estrategia<\/h1>\t\t\t\t<\/div>\n\t\t\t\t<\/div>\n\t\t\t\t<div class=\"elementor-element elementor-element-da7dd2a elementor-widget__width-initial elementor-widget elementor-widget-text-editor\" data-id=\"da7dd2a\" data-element_type=\"widget\" data-e-type=\"widget\" data-widget_type=\"text-editor.default\">\n\t\t\t\t<div class=\"elementor-widget-container\">\n\t\t\t\t\t\t\t\t\t<p>La eficiencia y la complejidad son los secretos de una cadena de producci\u00f3n altamente productiva. Para que los usuarios del sistema puedan disfrutar de esta prometedora simbiosis, un equipo de programadores, ingenieros, maquinistas y prot\u00e9sicos dentales trabaja las 24 horas del d\u00eda en ideas y m\u00e9todos siempre nuevos para toda la gama de materiales utilizados por materiales utilizados por Dental Concept Systems.<\/p><p>Todos los materiales est\u00e1n especialmente dise\u00f1ados para los respectivos componentes del sistema y se fabrican seg\u00fan las especificaciones de los especialistas. Incluso durante el desarrollo y la programaci\u00f3n de nuevas posibilidades en el software de control y CAM, las herramientas y los materiales correspondientes se desarrollan y fabrican al mismo tiempo. Dental Concept Systems ofrece siempre a los usuarios la necesaria seguridad de proceso para todos los componentes del sistema. El objetivo es que el proceso de producci\u00f3n en el laboratorio dental no se vea afectado.<\/p>\t\t\t\t\t\t\t\t<\/div>\n\t\t\t\t<\/div>\n\t\t\t\t<\/div>\n\t\t\t\t<\/div>\n\t\t\t\t\t<\/div>\n\t\t\t\t<\/div>\n\t\t<div class=\"elementor-element elementor-element-d15cc75 e-flex e-con-boxed e-con e-parent\" data-id=\"d15cc75\" data-element_type=\"container\" data-e-type=\"container\">\n\t\t\t\t\t<div class=\"e-con-inner\">\n\t\t<div class=\"elementor-element elementor-element-c401b40 e-con-full e-flex e-con e-child\" data-id=\"c401b40\" data-element_type=\"container\" data-e-type=\"container\" data-settings=\"{&quot;background_background&quot;:&quot;classic&quot;}\">\n\t\t<div class=\"elementor-element elementor-element-313bf08 e-con-full e-flex e-con e-child\" data-id=\"313bf08\" data-element_type=\"container\" data-e-type=\"container\">\n\t\t\t\t<div class=\"elementor-element elementor-element-04cf405 elementor-widget elementor-widget-image\" data-id=\"04cf405\" data-element_type=\"widget\" data-e-type=\"widget\" data-widget_type=\"image.default\">\n\t\t\t\t<div class=\"elementor-widget-container\">\n\t\t\t\t\t\t\t\t\t\t\t\t\t\t\t<img decoding=\"async\" src=\"https:\/\/dental-concept-systems.com\/wp-content\/uploads\/2021\/09\/Luxor-z-produkt.jpg\" title=\"\" alt=\"\" loading=\"lazy\" \/>\t\t\t\t\t\t\t\t\t\t\t\t\t\t\t<\/div>\n\t\t\t\t<\/div>\n\t\t\t\t<\/div>\n\t\t<div class=\"elementor-element elementor-element-6c54353 e-con-full e-flex e-con e-child\" data-id=\"6c54353\" data-element_type=\"container\" data-e-type=\"container\">\n\t\t\t\t<div class=\"elementor-element elementor-element-b43e399 elementor-widget elementor-widget-image\" data-id=\"b43e399\" data-element_type=\"widget\" data-e-type=\"widget\" data-widget_type=\"image.default\">\n\t\t\t\t<div class=\"elementor-widget-container\">\n\t\t\t\t\t\t\t\t\t\t\t\t\t\t\t<img fetchpriority=\"high\" decoding=\"async\" width=\"500\" height=\"185\" src=\"https:\/\/dental-concept-systems.com\/wp-content\/uploads\/2021\/09\/luxor-z-1.png\" class=\"attachment-large size-large wp-image-7263\" alt=\"\" srcset=\"https:\/\/dental-concept-systems.com\/wp-content\/uploads\/2021\/09\/luxor-z-1.png 500w, https:\/\/dental-concept-systems.com\/wp-content\/uploads\/2021\/09\/luxor-z-1-300x111.png 300w\" sizes=\"(max-width: 500px) 100vw, 500px\" \/>\t\t\t\t\t\t\t\t\t\t\t\t\t\t\t<\/div>\n\t\t\t\t<\/div>\n\t\t\t\t<div class=\"elementor-element elementor-element-0f79cd4 elementor-align-center elementor-widget elementor-widget-button\" data-id=\"0f79cd4\" data-element_type=\"widget\" data-e-type=\"widget\" data-widget_type=\"button.default\">\n\t\t\t\t<div class=\"elementor-widget-container\">\n\t\t\t\t\t\t\t\t\t<div class=\"elementor-button-wrapper\">\n\t\t\t\t\t<a class=\"elementor-button elementor-button-link elementor-size-md\" href=\"https:\/\/dental-concept-systems.com\/es\/materialien\/luxor-z\/\">\n\t\t\t\t\t\t<span class=\"elementor-button-content-wrapper\">\n\t\t\t\t\t\t<span class=\"elementor-button-icon\">\n\t\t\t\t<i aria-hidden=\"true\" class=\"fas fa-arrow-alt-circle-right\"><\/i>\t\t\t<\/span>\n\t\t\t\t\t\t\t\t\t<span class=\"elementor-button-text\">M\u00e1s informaci\u00f3n<\/span>\n\t\t\t\t\t<\/span>\n\t\t\t\t\t<\/a>\n\t\t\t\t<\/div>\n\t\t\t\t\t\t\t\t<\/div>\n\t\t\t\t<\/div>\n\t\t\t\t<\/div>\n\t\t\t\t<\/div>\n\t\t\t\t\t<\/div>\n\t\t\t\t<\/div>\n\t\t<div class=\"elementor-element elementor-element-1a07cfb e-flex e-con-boxed e-con e-parent\" data-id=\"1a07cfb\" data-element_type=\"container\" data-e-type=\"container\">\n\t\t\t\t\t<div class=\"e-con-inner\">\n\t\t<div class=\"elementor-element elementor-element-5ea360f e-con-full e-flex e-con e-child\" data-id=\"5ea360f\" data-element_type=\"container\" data-e-type=\"container\" data-settings=\"{&quot;background_background&quot;:&quot;classic&quot;}\">\n\t\t<div class=\"elementor-element elementor-element-6207c03 e-con-full e-flex e-con e-child\" data-id=\"6207c03\" data-element_type=\"container\" data-e-type=\"container\">\n\t\t\t\t<div class=\"elementor-element elementor-element-3cf0bc7 elementor-widget elementor-widget-image\" data-id=\"3cf0bc7\" data-element_type=\"widget\" data-e-type=\"widget\" data-widget_type=\"image.default\">\n\t\t\t\t<div class=\"elementor-widget-container\">\n\t\t\t\t\t\t\t\t\t\t\t\t\t\t\t<img decoding=\"async\" width=\"670\" height=\"620\" src=\"https:\/\/dental-concept-systems.com\/wp-content\/uploads\/2026\/05\/ZX-Unity-zirconia-blank-bredent-group.png\" class=\"attachment-large size-large wp-image-15600\" alt=\"\" srcset=\"https:\/\/dental-concept-systems.com\/wp-content\/uploads\/2026\/05\/ZX-Unity-zirconia-blank-bredent-group.png 670w, https:\/\/dental-concept-systems.com\/wp-content\/uploads\/2026\/05\/ZX-Unity-zirconia-blank-bredent-group-300x278.png 300w\" sizes=\"(max-width: 670px) 100vw, 670px\" \/>\t\t\t\t\t\t\t\t\t\t\t\t\t\t\t<\/div>\n\t\t\t\t<\/div>\n\t\t\t\t<\/div>\n\t\t<div class=\"elementor-element elementor-element-9ff1f77 e-con-full e-flex e-con e-child\" data-id=\"9ff1f77\" data-element_type=\"container\" data-e-type=\"container\">\n\t\t\t\t<div class=\"elementor-element elementor-element-5ff73a0 elementor-widget elementor-widget-image\" data-id=\"5ff73a0\" data-element_type=\"widget\" data-e-type=\"widget\" data-widget_type=\"image.default\">\n\t\t\t\t<div class=\"elementor-widget-container\">\n\t\t\t\t\t\t\t\t\t\t\t\t\t\t\t<img decoding=\"async\" width=\"212\" height=\"70\" src=\"https:\/\/dental-concept-systems.com\/wp-content\/uploads\/2026\/04\/Logo-ZX-Unity-2025-schwarz.svg\" class=\"attachment-large size-large wp-image-15301\" alt=\"\" \/>\t\t\t\t\t\t\t\t\t\t\t\t\t\t\t<\/div>\n\t\t\t\t<\/div>\n\t\t\t\t<div class=\"elementor-element elementor-element-e2eae46 elementor-widget elementor-widget-heading\" data-id=\"e2eae46\" data-element_type=\"widget\" data-e-type=\"widget\" data-widget_type=\"heading.default\">\n\t\t\t\t<div class=\"elementor-widget-container\">\n\t\t\t\t\t<h2 class=\"elementor-heading-title elementor-size-default\">Zirconio de alto rendimiento<\/h2>\t\t\t\t<\/div>\n\t\t\t\t<\/div>\n\t\t\t\t<div class=\"elementor-element elementor-element-441f12f elementor-align-center elementor-widget elementor-widget-button\" data-id=\"441f12f\" data-element_type=\"widget\" data-e-type=\"widget\" data-widget_type=\"button.default\">\n\t\t\t\t<div class=\"elementor-widget-container\">\n\t\t\t\t\t\t\t\t\t<div class=\"elementor-button-wrapper\">\n\t\t\t\t\t<a class=\"elementor-button elementor-button-link elementor-size-md\" href=\"https:\/\/dental-concept-systems.com\/es\/materiales\/zx-unity\/\">\n\t\t\t\t\t\t<span class=\"elementor-button-content-wrapper\">\n\t\t\t\t\t\t<span class=\"elementor-button-icon\">\n\t\t\t\t<i aria-hidden=\"true\" class=\"fas fa-arrow-alt-circle-right\"><\/i>\t\t\t<\/span>\n\t\t\t\t\t\t\t\t\t<span class=\"elementor-button-text\">M\u00e1s informaci\u00f3n<\/span>\n\t\t\t\t\t<\/span>\n\t\t\t\t\t<\/a>\n\t\t\t\t<\/div>\n\t\t\t\t\t\t\t\t<\/div>\n\t\t\t\t<\/div>\n\t\t\t\t<\/div>\n\t\t\t\t<\/div>\n\t\t\t\t\t<\/div>\n\t\t\t\t<\/div>\n\t\t\t\t<\/div>\n\t\t","protected":false},"excerpt":{"rendered":"<p>Materiales CAD\/CAM con estrategia La eficiencia y la complejidad son los secretos de una cadena de producci\u00f3n altamente productiva. Para que los usuarios del sistema puedan disfrutar de esta prometedora simbiosis, un equipo de programadores, ingenieros, maquinistas y prot\u00e9sicos dentales trabaja las 24 horas del d\u00eda en ideas y m\u00e9todos siempre nuevos para toda la [&hellip;]<\/p>\n","protected":false},"author":1,"featured_media":0,"parent":0,"menu_order":6,"comment_status":"closed","ping_status":"closed","template":"","meta":{"footnotes":""},"class_list":["post-10023","page","type-page","status-publish","hentry"],"yoast_head":"<!-- This site is optimized with the Yoast SEO plugin v27.5 - https:\/\/yoast.com\/product\/yoast-seo-wordpress\/ -->\n<title>Materiales<\/title>\n<meta name=\"robots\" content=\"index, follow, max-snippet:-1, max-image-preview:large, max-video-preview:-1\" \/>\n<link rel=\"canonical\" href=\"https:\/\/dental-concept-systems.com\/es\/materiales\/\" \/>\n<meta property=\"og:locale\" content=\"es_ES\" \/>\n<meta property=\"og:type\" content=\"article\" \/>\n<meta property=\"og:title\" content=\"Materiales\" \/>\n<meta property=\"og:description\" content=\"Materiales CAD\/CAM con estrategia La eficiencia y la complejidad son los secretos de una cadena de producci\u00f3n altamente productiva. Para que los usuarios del sistema puedan disfrutar de esta prometedora simbiosis, un equipo de programadores, ingenieros, maquinistas y prot\u00e9sicos dentales trabaja las 24 horas del d\u00eda en ideas y m\u00e9todos siempre nuevos para toda la [&hellip;]\" \/>\n<meta property=\"og:url\" content=\"https:\/\/dental-concept-systems.com\/es\/materiales\/\" \/>\n<meta property=\"og:site_name\" content=\"Dental Concept Systems\" \/>\n<meta property=\"article:publisher\" content=\"https:\/\/de-de.facebook.com\/pages\/category\/Interest\/Dental-Concept-Systems-449234171850313\/\" \/>\n<meta property=\"article:modified_time\" content=\"2026-05-08T13:08:32+00:00\" \/>\n<meta property=\"og:image\" content=\"https:\/\/dental-concept-systems.com\/wp-content\/uploads\/2021\/09\/Luxor-z-produkt.jpg\" \/>\n<meta name=\"twitter:card\" content=\"summary_large_image\" \/>\n<script type=\"application\/ld+json\" class=\"yoast-schema-graph\">{\"@context\":\"https:\\\/\\\/schema.org\",\"@graph\":[{\"@type\":\"WebPage\",\"@id\":\"https:\\\/\\\/dental-concept-systems.com\\\/es\\\/materiales\\\/\",\"url\":\"https:\\\/\\\/dental-concept-systems.com\\\/es\\\/materiales\\\/\",\"name\":\"Materiales\",\"isPartOf\":{\"@id\":\"https:\\\/\\\/dental-concept-systems.com\\\/es\\\/#website\"},\"primaryImageOfPage\":{\"@id\":\"https:\\\/\\\/dental-concept-systems.com\\\/es\\\/materiales\\\/#primaryimage\"},\"image\":{\"@id\":\"https:\\\/\\\/dental-concept-systems.com\\\/es\\\/materiales\\\/#primaryimage\"},\"thumbnailUrl\":\"https:\\\/\\\/dental-concept-systems.com\\\/wp-content\\\/uploads\\\/2021\\\/09\\\/Luxor-z-produkt.jpg\",\"datePublished\":\"2022-04-12T09:02:57+00:00\",\"dateModified\":\"2026-05-08T13:08:32+00:00\",\"breadcrumb\":{\"@id\":\"https:\\\/\\\/dental-concept-systems.com\\\/es\\\/materiales\\\/#breadcrumb\"},\"inLanguage\":\"es\",\"potentialAction\":[{\"@type\":\"ReadAction\",\"target\":[\"https:\\\/\\\/dental-concept-systems.com\\\/es\\\/materiales\\\/\"]}]},{\"@type\":\"ImageObject\",\"inLanguage\":\"es\",\"@id\":\"https:\\\/\\\/dental-concept-systems.com\\\/es\\\/materiales\\\/#primaryimage\",\"url\":\"https:\\\/\\\/dental-concept-systems.com\\\/wp-content\\\/uploads\\\/2021\\\/09\\\/Luxor-z-produkt.jpg\",\"contentUrl\":\"https:\\\/\\\/dental-concept-systems.com\\\/wp-content\\\/uploads\\\/2021\\\/09\\\/Luxor-z-produkt.jpg\"},{\"@type\":\"BreadcrumbList\",\"@id\":\"https:\\\/\\\/dental-concept-systems.com\\\/es\\\/materiales\\\/#breadcrumb\",\"itemListElement\":[{\"@type\":\"ListItem\",\"position\":1,\"name\":\"Home\",\"item\":\"https:\\\/\\\/dental-concept-systems.com\\\/es\\\/\"},{\"@type\":\"ListItem\",\"position\":2,\"name\":\"Materiales\"}]},{\"@type\":\"WebSite\",\"@id\":\"https:\\\/\\\/dental-concept-systems.com\\\/es\\\/#website\",\"url\":\"https:\\\/\\\/dental-concept-systems.com\\\/es\\\/\",\"name\":\"Dental Concept Systems\",\"description\":\"Industry standards\",\"publisher\":{\"@id\":\"https:\\\/\\\/dental-concept-systems.com\\\/es\\\/#organization\"},\"potentialAction\":[{\"@type\":\"SearchAction\",\"target\":{\"@type\":\"EntryPoint\",\"urlTemplate\":\"https:\\\/\\\/dental-concept-systems.com\\\/es\\\/?s={search_term_string}\"},\"query-input\":{\"@type\":\"PropertyValueSpecification\",\"valueRequired\":true,\"valueName\":\"search_term_string\"}}],\"inLanguage\":\"es\"},{\"@type\":\"Organization\",\"@id\":\"https:\\\/\\\/dental-concept-systems.com\\\/es\\\/#organization\",\"name\":\"Dental Concept Systems GmbH\",\"url\":\"https:\\\/\\\/dental-concept-systems.com\\\/es\\\/\",\"logo\":{\"@type\":\"ImageObject\",\"inLanguage\":\"es\",\"@id\":\"https:\\\/\\\/dental-concept-systems.com\\\/es\\\/#\\\/schema\\\/logo\\\/image\\\/\",\"url\":\"https:\\\/\\\/dental-concept-systems.com\\\/wp-content\\\/uploads\\\/2020\\\/11\\\/Dental-Concept-Systems-logo.png\",\"contentUrl\":\"https:\\\/\\\/dental-concept-systems.com\\\/wp-content\\\/uploads\\\/2020\\\/11\\\/Dental-Concept-Systems-logo.png\",\"width\":800,\"height\":310,\"caption\":\"Dental Concept Systems GmbH\"},\"image\":{\"@id\":\"https:\\\/\\\/dental-concept-systems.com\\\/es\\\/#\\\/schema\\\/logo\\\/image\\\/\"},\"sameAs\":[\"https:\\\/\\\/de-de.facebook.com\\\/pages\\\/category\\\/Interest\\\/Dental-Concept-Systems-449234171850313\\\/\",\"https:\\\/\\\/www.instagram.com\\\/bredentgroup.deutschland\\\/?hl=de\"]}]}<\/script>\n<!-- \/ Yoast SEO plugin. -->","yoast_head_json":{"title":"Materiales","robots":{"index":"index","follow":"follow","max-snippet":"max-snippet:-1","max-image-preview":"max-image-preview:large","max-video-preview":"max-video-preview:-1"},"canonical":"https:\/\/dental-concept-systems.com\/es\/materiales\/","og_locale":"es_ES","og_type":"article","og_title":"Materiales","og_description":"Materiales CAD\/CAM con estrategia La eficiencia y la complejidad son los secretos de una cadena de producci\u00f3n altamente productiva. Para que los usuarios del sistema puedan disfrutar de esta prometedora simbiosis, un equipo de programadores, ingenieros, maquinistas y prot\u00e9sicos dentales trabaja las 24 horas del d\u00eda en ideas y m\u00e9todos siempre nuevos para toda la [&hellip;]","og_url":"https:\/\/dental-concept-systems.com\/es\/materiales\/","og_site_name":"Dental Concept Systems","article_publisher":"https:\/\/de-de.facebook.com\/pages\/category\/Interest\/Dental-Concept-Systems-449234171850313\/","article_modified_time":"2026-05-08T13:08:32+00:00","og_image":[{"url":"https:\/\/dental-concept-systems.com\/wp-content\/uploads\/2021\/09\/Luxor-z-produkt.jpg","type":"","width":"","height":""}],"twitter_card":"summary_large_image","schema":{"@context":"https:\/\/schema.org","@graph":[{"@type":"WebPage","@id":"https:\/\/dental-concept-systems.com\/es\/materiales\/","url":"https:\/\/dental-concept-systems.com\/es\/materiales\/","name":"Materiales","isPartOf":{"@id":"https:\/\/dental-concept-systems.com\/es\/#website"},"primaryImageOfPage":{"@id":"https:\/\/dental-concept-systems.com\/es\/materiales\/#primaryimage"},"image":{"@id":"https:\/\/dental-concept-systems.com\/es\/materiales\/#primaryimage"},"thumbnailUrl":"https:\/\/dental-concept-systems.com\/wp-content\/uploads\/2021\/09\/Luxor-z-produkt.jpg","datePublished":"2022-04-12T09:02:57+00:00","dateModified":"2026-05-08T13:08:32+00:00","breadcrumb":{"@id":"https:\/\/dental-concept-systems.com\/es\/materiales\/#breadcrumb"},"inLanguage":"es","potentialAction":[{"@type":"ReadAction","target":["https:\/\/dental-concept-systems.com\/es\/materiales\/"]}]},{"@type":"ImageObject","inLanguage":"es","@id":"https:\/\/dental-concept-systems.com\/es\/materiales\/#primaryimage","url":"https:\/\/dental-concept-systems.com\/wp-content\/uploads\/2021\/09\/Luxor-z-produkt.jpg","contentUrl":"https:\/\/dental-concept-systems.com\/wp-content\/uploads\/2021\/09\/Luxor-z-produkt.jpg"},{"@type":"BreadcrumbList","@id":"https:\/\/dental-concept-systems.com\/es\/materiales\/#breadcrumb","itemListElement":[{"@type":"ListItem","position":1,"name":"Home","item":"https:\/\/dental-concept-systems.com\/es\/"},{"@type":"ListItem","position":2,"name":"Materiales"}]},{"@type":"WebSite","@id":"https:\/\/dental-concept-systems.com\/es\/#website","url":"https:\/\/dental-concept-systems.com\/es\/","name":"Dental Concept Systems","description":"Industry standards","publisher":{"@id":"https:\/\/dental-concept-systems.com\/es\/#organization"},"potentialAction":[{"@type":"SearchAction","target":{"@type":"EntryPoint","urlTemplate":"https:\/\/dental-concept-systems.com\/es\/?s={search_term_string}"},"query-input":{"@type":"PropertyValueSpecification","valueRequired":true,"valueName":"search_term_string"}}],"inLanguage":"es"},{"@type":"Organization","@id":"https:\/\/dental-concept-systems.com\/es\/#organization","name":"Dental Concept Systems GmbH","url":"https:\/\/dental-concept-systems.com\/es\/","logo":{"@type":"ImageObject","inLanguage":"es","@id":"https:\/\/dental-concept-systems.com\/es\/#\/schema\/logo\/image\/","url":"https:\/\/dental-concept-systems.com\/wp-content\/uploads\/2020\/11\/Dental-Concept-Systems-logo.png","contentUrl":"https:\/\/dental-concept-systems.com\/wp-content\/uploads\/2020\/11\/Dental-Concept-Systems-logo.png","width":800,"height":310,"caption":"Dental Concept Systems GmbH"},"image":{"@id":"https:\/\/dental-concept-systems.com\/es\/#\/schema\/logo\/image\/"},"sameAs":["https:\/\/de-de.facebook.com\/pages\/category\/Interest\/Dental-Concept-Systems-449234171850313\/","https:\/\/www.instagram.com\/bredentgroup.deutschland\/?hl=de"]}]}},"_links":{"self":[{"href":"https:\/\/dental-concept-systems.com\/es\/wp-json\/wp\/v2\/pages\/10023","targetHints":{"allow":["GET"]}}],"collection":[{"href":"https:\/\/dental-concept-systems.com\/es\/wp-json\/wp\/v2\/pages"}],"about":[{"href":"https:\/\/dental-concept-systems.com\/es\/wp-json\/wp\/v2\/types\/page"}],"author":[{"embeddable":true,"href":"https:\/\/dental-concept-systems.com\/es\/wp-json\/wp\/v2\/users\/1"}],"replies":[{"embeddable":true,"href":"https:\/\/dental-concept-systems.com\/es\/wp-json\/wp\/v2\/comments?post=10023"}],"version-history":[{"count":16,"href":"https:\/\/dental-concept-systems.com\/es\/wp-json\/wp\/v2\/pages\/10023\/revisions"}],"predecessor-version":[{"id":16001,"href":"https:\/\/dental-concept-systems.com\/es\/wp-json\/wp\/v2\/pages\/10023\/revisions\/16001"}],"wp:attachment":[{"href":"https:\/\/dental-concept-systems.com\/es\/wp-json\/wp\/v2\/media?parent=10023"}],"curies":[{"name":"wp","href":"https:\/\/api.w.org\/{rel}","templated":true}]}}